{"id":6395,"date":"2018-03-21T03:52:57","date_gmt":"2018-03-21T03:52:57","guid":{"rendered":"https:\/\/www.seleneoceanyachts.com\/?page_id=6395"},"modified":"2018-03-21T03:52:57","modified_gmt":"2018-03-21T03:52:57","slug":"les-selene-historiques","status":"publish","type":"page","link":"https:\/\/www.seleneoceanyachts.com\/fr\/les-selene-historiques\/","title":{"rendered":"Les Selene historiques"},"content":{"rendered":"<div class=\"wpb-content-wrapper\"><p>[vc_row rt_row_background_width=\u00a0\u00bbfullwidth\u00a0\u00bb rt_row_content_width=\u00a0\u00bbdefault\u00a0\u00bb rt_row_style=\u00a0\u00bbdefault-style\u00a0\u00bb rt_row_height=\u00a0\u00bb\u00a0\u00bb rt_column_placement=\u00a0\u00bbmiddle\u00a0\u00bb rt_row_borders=\u00a0\u00bb\u00a0\u00bb rt_row_shadows=\u00a0\u00bb\u00a0\u00bb rt_column_gaps=\u00a0\u00bb\u00a0\u00bb rt_row_paddings=\u00a0\u00bbtrue\u00a0\u00bb rt_bg_effect=\u00a0\u00bbshape\u00a0\u00bb rt_bg_shape=\u00a0\u00bbcross-right\u00a0\u00bb rt_bg_custom_alignment=\u00a0\u00bbtop\u00a0\u00bb rt_transparent_bg=\u00a0\u00bb\u00a0\u00bb rt_bg_image_repeat=\u00a0\u00bbrepeat\u00a0\u00bb rt_bg_size=\u00a0\u00bbcover\u00a0\u00bb rt_bg_position=\u00a0\u00bbright top\u00a0\u00bb rt_bg_video_format=\u00a0\u00bbself-hosted\u00a0\u00bb rt_padding_top=\u00a0\u00bb105&Prime; rt_padding_bottom=\u00a0\u00bb75&Prime; rt_bg_shape_color=\u00a0\u00bb#f7f7f7&Prime;][vc_column rt_col_paddings=\u00a0\u00bbtrue\u00a0\u00bb rt_wrp_col_paddings=\u00a0\u00bbfalse\u00a0\u00bb rt_column_shadow=\u00a0\u00bb\u00a0\u00bb rt_border_top=\u00a0\u00bb\u00a0\u00bb rt_border_bottom=\u00a0\u00bb\u00a0\u00bb rt_border_left=\u00a0\u00bb\u00a0\u00bb rt_border_right=\u00a0\u00bb\u00a0\u00bb rt_border_top_mobile=\u00a0\u00bb\u00a0\u00bb rt_border_bottom_mobile=\u00a0\u00bb\u00a0\u00bb rt_border_left_mobile=\u00a0\u00bb\u00a0\u00bb rt_border_right_mobile=\u00a0\u00bb\u00a0\u00bb rt_bg_image_repeat=\u00a0\u00bbrepeat\u00a0\u00bb rt_bg_size=\u00a0\u00bbauto auto\u00a0\u00bb rt_bg_position=\u00a0\u00bbright top\u00a0\u00bb rt_bg_attachment=\u00a0\u00bbscroll\u00a0\u00bb rt_bg_color=\u00a0\u00bb\u00a0\u00bb rt_bg_overlay_color=\u00a0\u00bb\u00a0\u00bb]<div class=\"rt_heading_wrapper style-7\">\n\t\t\t\t\t\t<h1 class=\"rt_heading  aligncenter style-7\" >LES SELENE HISTORIQUES<\/h1> \n\t\t\t\t\t<\/div>[vc_separator style=\u00a0\u00bbstyle-6&Prime;][vc_column_text]<\/p>\n<p style=\"text-align: center;\">Ce sont les v\u00e9t\u00e9rans de la ligne des Selene trans-oc\u00e9aniques. Ils ne sont plus en production r\u00e9guli\u00e8re, mais nous n\u2019avons pas le c\u0153ur de d\u00e9truire leurs moules, et nous les conservons comme des tr\u00e9sors ! Ces bateaux de l\u00e9gende peuvent encore \u00eatre construits sur commande. Ils continuent \u00e0 naviguer autour du monde. Vous les verrez dans le Princess Louisa Inlet en Colombie Britannique, ancr\u00e9s devant une \u00eele grecque, croisant dans la baie de la Chesapeake, traversant le Pacifique ou amarr\u00e9s aux pieds des gratte-ciel de Manhattan.<\/p>\n<p>[\/vc_column_text][\/vc_column][\/vc_row][vc_row rt_row_background_width=\u00a0\u00bbfullwidth\u00a0\u00bb rt_row_content_width=\u00a0\u00bbfullwidth\u00a0\u00bb rt_row_style=\u00a0\u00bbdefault-style\u00a0\u00bb rt_row_height=\u00a0\u00bb\u00a0\u00bb rt_row_borders=\u00a0\u00bb\u00a0\u00bb rt_row_shadows=\u00a0\u00bb\u00a0\u00bb rt_column_gaps=\u00a0\u00bb\u00a0\u00bb rt_row_paddings=\u00a0\u00bbtrue\u00a0\u00bb rt_bg_effect=\u00a0\u00bbclassic\u00a0\u00bb rt_transparent_bg=\u00a0\u00bb\u00a0\u00bb rt_bg_image_repeat=\u00a0\u00bbrepeat\u00a0\u00bb rt_bg_size=\u00a0\u00bbcover\u00a0\u00bb rt_bg_position=\u00a0\u00bbright top\u00a0\u00bb rt_bg_attachment=\u00a0\u00bbscroll\u00a0\u00bb rt_bg_video_format=\u00a0\u00bbself-hosted\u00a0\u00bb rt_padding_left=\u00a0\u00bb0&Prime; rt_padding_right=\u00a0\u00bb0&Prime;][vc_column rt_col_paddings=\u00a0\u00bbfalse\u00a0\u00bb rt_wrp_col_paddings=\u00a0\u00bbfalse\u00a0\u00bb rt_column_shadow=\u00a0\u00bb\u00a0\u00bb rt_border_top=\u00a0\u00bb\u00a0\u00bb rt_border_bottom=\u00a0\u00bb\u00a0\u00bb rt_border_left=\u00a0\u00bb\u00a0\u00bb rt_border_right=\u00a0\u00bb\u00a0\u00bb rt_border_top_mobile=\u00a0\u00bb\u00a0\u00bb rt_border_bottom_mobile=\u00a0\u00bb\u00a0\u00bb rt_border_left_mobile=\u00a0\u00bb\u00a0\u00bb rt_border_right_mobile=\u00a0\u00bb\u00a0\u00bb rt_bg_image_repeat=\u00a0\u00bbrepeat\u00a0\u00bb rt_bg_size=\u00a0\u00bbauto auto\u00a0\u00bb rt_bg_position=\u00a0\u00bbright top\u00a0\u00bb rt_bg_attachment=\u00a0\u00bbscroll\u00a0\u00bb rt_bg_color=\u00a0\u00bb\u00a0\u00bb rt_bg_overlay_color=\u00a0\u00bb\u00a0\u00bb]\n<div id=\"portfolio-dynamicID-224290\" class=\"portfolio_list rt-gallery fixed_heights clearfix grid-gallery filterable\" data-column-width=\"4\">\n<div class=\"row fixed_heights clearfix\">\n<div class=\"col col-sm-3   legacy-selene-yachts\">\n \n\n<!-- portfolio box-->\n<div class=\"loop style-1 alt-style-1 image post-6629 portfolio type-portfolio status-publish has-post-thumbnail hentry portfolio_categories-legacy-selene-yachts\" id=\"portfolio-6629\">\n\n\t \n\t\t\t\t<figure class=\"image-thumbnail\">\n\t\t\t\t\t<a href=\"https:\/\/www.seleneoceanyachts.com\/fr\/yacht-detail\/selene-43\/\" target=\"_self\" title=\"Selene 43\"><img decoding=\"async\" src=\"https:\/\/www.seleneoceanyachts.com\/wp-content\/uploads\/2017\/01\/S43-02-vertical-600x900.jpg\" alt=\"\" class=\"\" \/><\/a>\n\t\t\t\t<\/figure>\n\n\t\t\t\t<section class=\"text\">\n\t\t\t\t\t<h5 class=\"title\"><a href=\"https:\/\/www.seleneoceanyachts.com\/fr\/yacht-detail\/selene-43\/\" target=\"_self\" rel=\"bookmark\">Selene 43<\/a><\/h5>\n\t\t\t\t\t\n\t\t\t\t\t\t\n\t\t\t\t\t<a class=\"read_more\" href=\"https:\/\/www.seleneoceanyachts.com\/fr\/yacht-detail\/selene-43\/\" target=\"_self\" rel=\"bookmark\">read more<\/a>\t\n\t\t\t\t<\/section>  \n\t\t\t\n<\/div> \n<!-- \/ portfolio box-->\n<\/div>\n<div class=\"col col-sm-3   legacy-selene-yachts\">\n \n\n<!-- portfolio box-->\n<div class=\"loop style-1 alt-style-1 image post-6625 portfolio type-portfolio status-publish has-post-thumbnail hentry portfolio_categories-legacy-selene-yachts\" id=\"portfolio-6625\">\n\n\t \n\t\t\t\t<figure class=\"image-thumbnail\">\n\t\t\t\t\t<a href=\"https:\/\/www.seleneoceanyachts.com\/fr\/yacht-detail\/selene-47\/\" target=\"_self\" title=\"Selene 47\"><img decoding=\"async\" src=\"https:\/\/www.seleneoceanyachts.com\/wp-content\/uploads\/2017\/01\/selene-47-600x900.jpg\" alt=\"\" class=\"\" \/><\/a>\n\t\t\t\t<\/figure>\n\n\t\t\t\t<section class=\"text\">\n\t\t\t\t\t<h5 class=\"title\"><a href=\"https:\/\/www.seleneoceanyachts.com\/fr\/yacht-detail\/selene-47\/\" target=\"_self\" rel=\"bookmark\">Selene 47<\/a><\/h5>\n\t\t\t\t\t\n\t\t\t\t\t\t\n\t\t\t\t\t<a class=\"read_more\" href=\"https:\/\/www.seleneoceanyachts.com\/fr\/yacht-detail\/selene-47\/\" target=\"_self\" rel=\"bookmark\">read more<\/a>\t\n\t\t\t\t<\/section>  \n\t\t\t\n<\/div> \n<!-- \/ portfolio box-->\n<\/div>\n<div class=\"col col-sm-3   legacy-selene-yachts\">\n \n\n<!-- portfolio box-->\n<div class=\"loop style-1 alt-style-1 image post-6619 portfolio type-portfolio status-publish has-post-thumbnail hentry portfolio_categories-legacy-selene-yachts\" id=\"portfolio-6619\">\n\n\t \n\t\t\t\t<figure class=\"image-thumbnail\">\n\t\t\t\t\t<a href=\"https:\/\/www.seleneoceanyachts.com\/fr\/yacht-detail\/selene-53\/\" target=\"_self\" title=\"Selene 53\"><img decoding=\"async\" src=\"https:\/\/www.seleneoceanyachts.com\/wp-content\/uploads\/2017\/01\/Selene-53-Vertical-600x900.jpg\" alt=\"\" class=\"\" \/><\/a>\n\t\t\t\t<\/figure>\n\n\t\t\t\t<section class=\"text\">\n\t\t\t\t\t<h5 class=\"title\"><a href=\"https:\/\/www.seleneoceanyachts.com\/fr\/yacht-detail\/selene-53\/\" target=\"_self\" rel=\"bookmark\">Selene 53<\/a><\/h5>\n\t\t\t\t\t\n\t\t\t\t\t\t\n\t\t\t\t\t<a class=\"read_more\" href=\"https:\/\/www.seleneoceanyachts.com\/fr\/yacht-detail\/selene-53\/\" target=\"_self\" rel=\"bookmark\">read more<\/a>\t\n\t\t\t\t<\/section>  \n\t\t\t\n<\/div> \n<!-- \/ portfolio box-->\n<\/div>\n<div class=\"col col-sm-3   legacy-selene-yachts\">\n \n\n<!-- portfolio box-->\n<div class=\"loop style-1 alt-style-1 image post-6613 portfolio type-portfolio status-publish has-post-thumbnail hentry portfolio_categories-legacy-selene-yachts\" id=\"portfolio-6613\">\n\n\t \n\t\t\t\t<figure class=\"image-thumbnail\">\n\t\t\t\t\t<a href=\"https:\/\/www.seleneoceanyachts.com\/fr\/yacht-detail\/selene-57\/\" target=\"_self\" title=\"Selene 57\"><img decoding=\"async\" src=\"https:\/\/www.seleneoceanyachts.com\/wp-content\/uploads\/2017\/01\/S47-Vertical-02-600x900.jpg\" alt=\"\" class=\"\" \/><\/a>\n\t\t\t\t<\/figure>\n\n\t\t\t\t<section class=\"text\">\n\t\t\t\t\t<h5 class=\"title\"><a href=\"https:\/\/www.seleneoceanyachts.com\/fr\/yacht-detail\/selene-57\/\" target=\"_self\" rel=\"bookmark\">Selene 57<\/a><\/h5>\n\t\t\t\t\t\n\t\t\t\t\t\t\n\t\t\t\t\t<a class=\"read_more\" href=\"https:\/\/www.seleneoceanyachts.com\/fr\/yacht-detail\/selene-57\/\" target=\"_self\" rel=\"bookmark\">read more<\/a>\t\n\t\t\t\t<\/section>  \n\t\t\t\n<\/div> \n<!-- \/ portfolio box-->\n<\/div>\n<\/div>\n<\/div>\n<div class=\"paging_wrapper margin-t30 margin-b30\"><\/div>[\/vc_column][\/vc_row]<\/p>\n<\/div>","protected":false},"excerpt":{"rendered":"<p>[vc_row rt_row_background_width=\u00a0\u00bbfullwidth\u00a0\u00bb rt_row_content_width=\u00a0\u00bbdefault\u00a0\u00bb rt_row_style=\u00a0\u00bbdefault-style\u00a0\u00bb rt_row_height=\u00a0\u00bb\u00a0\u00bb rt_column_placement=\u00a0\u00bbmiddle\u00a0\u00bb rt_row_borders=\u00a0\u00bb\u00a0\u00bb rt_row_shadows=\u00a0\u00bb\u00a0\u00bb rt_column_gaps=\u00a0\u00bb\u00a0\u00bb rt_row_paddings=\u00a0\u00bbtrue\u00a0\u00bb rt_bg_effect=\u00a0\u00bbshape\u00a0\u00bb rt_bg_shape=\u00a0\u00bbcross-right\u00a0\u00bb rt_bg_custom_alignment=\u00a0\u00bbtop\u00a0\u00bb rt_transparent_bg=\u00a0\u00bb\u00a0\u00bb rt_bg_image_repeat=\u00a0\u00bbrepeat\u00a0\u00bb rt_bg_size=\u00a0\u00bbcover\u00a0\u00bb rt_bg_position=\u00a0\u00bbright top\u00a0\u00bb rt_bg_video_format=\u00a0\u00bbself-hosted\u00a0\u00bb rt_padding_top=\u00a0\u00bb105&Prime; rt_padding_bottom=\u00a0\u00bb75&Prime; rt_bg_shape_color=\u00a0\u00bb#f7f7f7&Prime;][vc_column rt_col_paddings=\u00a0\u00bbtrue\u00a0\u00bb rt_wrp_col_paddings=\u00a0\u00bbfalse\u00a0\u00bb rt_column_shadow=\u00a0\u00bb\u00a0\u00bb rt_border_top=\u00a0\u00bb\u00a0\u00bb rt_border_bottom=\u00a0\u00bb\u00a0\u00bb rt_border_left=\u00a0\u00bb\u00a0\u00bb rt_border_right=\u00a0\u00bb\u00a0\u00bb rt_border_top_mobile=\u00a0\u00bb\u00a0\u00bb rt_border_bottom_mobile=\u00a0\u00bb\u00a0\u00bb rt_border_left_mobile=\u00a0\u00bb\u00a0\u00bb rt_border_right_mobile=\u00a0\u00bb\u00a0\u00bb rt_bg_image_repeat=\u00a0\u00bbrepeat\u00a0\u00bb rt_bg_size=\u00a0\u00bbauto auto\u00a0\u00bb rt_bg_position=\u00a0\u00bbright top\u00a0\u00bb rt_bg_attachment=\u00a0\u00bbscroll\u00a0\u00bb rt_bg_color=\u00a0\u00bb\u00a0\u00bb rt_bg_overlay_color=\u00a0\u00bb\u00a0\u00bb][vc_separator style=\u00a0\u00bbstyle-6&Prime;][vc_column_text] Ce sont les v\u00e9t\u00e9rans de la ligne des Selene trans-oc\u00e9aniques. Ils ne sont &#8230; <a class=\"more-link\" href=\"https:\/\/www.seleneoceanyachts.com\/fr\/yacht-detail\/selene-57\/\">Continue reading<\/a><\/p>\n","protected":false},"author":1,"featured_media":0,"parent":0,"menu_order":0,"comment_status":"closed","ping_status":"closed","template":"","meta":{"_monsterinsights_skip_tracking":false,"_monsterinsights_sitenote_active":false,"_monsterinsights_sitenote_note":"","_monsterinsights_sitenote_category":0,"_uf_show_specific_survey":0,"_uf_disable_surveys":false,"footnotes":""},"categories":[],"tags":[],"class_list":["post-6395","page","type-page","status-publish","hentry"],"yoast_head":"<!-- This site is optimized with the Yoast SEO plugin v27.3 - https:\/\/yoast.com\/product\/yoast-seo-wordpress\/ -->\n<title>Les Selene historiques - Selene Ocean Yachts<\/title>\n<meta name=\"robots\" content=\"index, follow, max-snippet:-1, max-image-preview:large, max-video-preview:-1\" \/>\n<link rel=\"canonical\" href=\"https:\/\/www.seleneoceanyachts.com\/fr\/les-selene-historiques\/\" \/>\n<meta property=\"og:locale\" content=\"fr_FR\" \/>\n<meta property=\"og:type\" content=\"article\" \/>\n<meta property=\"og:title\" content=\"Les Selene historiques - Selene Ocean Yachts\" \/>\n<meta property=\"og:description\" content=\"[vc_row rt_row_background_width=\u00a0\u00bbfullwidth\u00a0\u00bb rt_row_content_width=\u00a0\u00bbdefault\u00a0\u00bb rt_row_style=\u00a0\u00bbdefault-style\u00a0\u00bb rt_row_height=\u00a0\u00bb\u00a0\u00bb rt_column_placement=\u00a0\u00bbmiddle\u00a0\u00bb rt_row_borders=\u00a0\u00bb\u00a0\u00bb rt_row_shadows=\u00a0\u00bb\u00a0\u00bb rt_column_gaps=\u00a0\u00bb\u00a0\u00bb rt_row_paddings=\u00a0\u00bbtrue\u00a0\u00bb rt_bg_effect=\u00a0\u00bbshape\u00a0\u00bb rt_bg_shape=\u00a0\u00bbcross-right\u00a0\u00bb rt_bg_custom_alignment=\u00a0\u00bbtop\u00a0\u00bb rt_transparent_bg=\u00a0\u00bb\u00a0\u00bb rt_bg_image_repeat=\u00a0\u00bbrepeat\u00a0\u00bb rt_bg_size=\u00a0\u00bbcover\u00a0\u00bb rt_bg_position=\u00a0\u00bbright top\u00a0\u00bb rt_bg_video_format=\u00a0\u00bbself-hosted\u00a0\u00bb rt_padding_top=\u00a0\u00bb105&Prime; rt_padding_bottom=\u00a0\u00bb75&Prime; rt_bg_shape_color=\u00a0\u00bb#f7f7f7&Prime;][vc_column rt_col_paddings=\u00a0\u00bbtrue\u00a0\u00bb rt_wrp_col_paddings=\u00a0\u00bbfalse\u00a0\u00bb rt_column_shadow=\u00a0\u00bb\u00a0\u00bb rt_border_top=\u00a0\u00bb\u00a0\u00bb rt_border_bottom=\u00a0\u00bb\u00a0\u00bb rt_border_left=\u00a0\u00bb\u00a0\u00bb rt_border_right=\u00a0\u00bb\u00a0\u00bb rt_border_top_mobile=\u00a0\u00bb\u00a0\u00bb rt_border_bottom_mobile=\u00a0\u00bb\u00a0\u00bb rt_border_left_mobile=\u00a0\u00bb\u00a0\u00bb rt_border_right_mobile=\u00a0\u00bb\u00a0\u00bb rt_bg_image_repeat=\u00a0\u00bbrepeat\u00a0\u00bb rt_bg_size=\u00a0\u00bbauto auto\u00a0\u00bb rt_bg_position=\u00a0\u00bbright top\u00a0\u00bb rt_bg_attachment=\u00a0\u00bbscroll\u00a0\u00bb rt_bg_color=\u00a0\u00bb\u00a0\u00bb rt_bg_overlay_color=\u00a0\u00bb\u00a0\u00bb][vc_separator style=\u00a0\u00bbstyle-6&Prime;][vc_column_text] Ce sont les v\u00e9t\u00e9rans de la ligne des Selene trans-oc\u00e9aniques. Ils ne sont [&hellip;]\" \/>\n<meta property=\"og:url\" content=\"https:\/\/www.seleneoceanyachts.com\/fr\/les-selene-historiques\/\" \/>\n<meta property=\"og:site_name\" content=\"Selene Ocean Yachts\" \/>\n<meta name=\"twitter:card\" content=\"summary_large_image\" \/>\n<meta name=\"twitter:label1\" content=\"Dur\u00e9e de lecture estim\u00e9e\" \/>\n\t<meta name=\"twitter:data1\" content=\"2 minutes\" \/>\n<script type=\"application\/ld+json\" class=\"yoast-schema-graph\">{\"@context\":\"https:\\\/\\\/schema.org\",\"@graph\":[{\"@type\":\"WebPage\",\"@id\":\"https:\\\/\\\/www.seleneoceanyachts.com\\\/fr\\\/les-selene-historiques\\\/\",\"url\":\"https:\\\/\\\/www.seleneoceanyachts.com\\\/fr\\\/les-selene-historiques\\\/\",\"name\":\"Les Selene historiques - Selene Ocean Yachts\",\"isPartOf\":{\"@id\":\"https:\\\/\\\/www.seleneoceanyachts.com\\\/#website\"},\"datePublished\":\"2018-03-21T03:52:57+00:00\",\"breadcrumb\":{\"@id\":\"https:\\\/\\\/www.seleneoceanyachts.com\\\/fr\\\/les-selene-historiques\\\/#breadcrumb\"},\"inLanguage\":\"fr-FR\",\"potentialAction\":[{\"@type\":\"ReadAction\",\"target\":[\"https:\\\/\\\/www.seleneoceanyachts.com\\\/fr\\\/les-selene-historiques\\\/\"]}]},{\"@type\":\"BreadcrumbList\",\"@id\":\"https:\\\/\\\/www.seleneoceanyachts.com\\\/fr\\\/les-selene-historiques\\\/#breadcrumb\",\"itemListElement\":[{\"@type\":\"ListItem\",\"position\":1,\"name\":\"Home\",\"item\":\"https:\\\/\\\/www.seleneoceanyachts.com\\\/fr\\\/\"},{\"@type\":\"ListItem\",\"position\":2,\"name\":\"Les Selene historiques\"}]},{\"@type\":\"WebSite\",\"@id\":\"https:\\\/\\\/www.seleneoceanyachts.com\\\/#website\",\"url\":\"https:\\\/\\\/www.seleneoceanyachts.com\\\/\",\"name\":\"Selene Ocean Yachts\",\"description\":\"Au del\u00e0 de l\u2019horizon\",\"potentialAction\":[{\"@type\":\"SearchAction\",\"target\":{\"@type\":\"EntryPoint\",\"urlTemplate\":\"https:\\\/\\\/www.seleneoceanyachts.com\\\/?s={search_term_string}\"},\"query-input\":{\"@type\":\"PropertyValueSpecification\",\"valueRequired\":true,\"valueName\":\"search_term_string\"}}],\"inLanguage\":\"fr-FR\"}]}<\/script>\n<!-- \/ Yoast SEO plugin. -->","yoast_head_json":{"title":"Les Selene historiques - Selene Ocean Yachts","robots":{"index":"index","follow":"follow","max-snippet":"max-snippet:-1","max-image-preview":"max-image-preview:large","max-video-preview":"max-video-preview:-1"},"canonical":"https:\/\/www.seleneoceanyachts.com\/fr\/les-selene-historiques\/","og_locale":"fr_FR","og_type":"article","og_title":"Les Selene historiques - Selene Ocean Yachts","og_description":"[vc_row rt_row_background_width=\u00a0\u00bbfullwidth\u00a0\u00bb rt_row_content_width=\u00a0\u00bbdefault\u00a0\u00bb rt_row_style=\u00a0\u00bbdefault-style\u00a0\u00bb rt_row_height=\u00a0\u00bb\u00a0\u00bb rt_column_placement=\u00a0\u00bbmiddle\u00a0\u00bb rt_row_borders=\u00a0\u00bb\u00a0\u00bb rt_row_shadows=\u00a0\u00bb\u00a0\u00bb rt_column_gaps=\u00a0\u00bb\u00a0\u00bb rt_row_paddings=\u00a0\u00bbtrue\u00a0\u00bb rt_bg_effect=\u00a0\u00bbshape\u00a0\u00bb rt_bg_shape=\u00a0\u00bbcross-right\u00a0\u00bb rt_bg_custom_alignment=\u00a0\u00bbtop\u00a0\u00bb rt_transparent_bg=\u00a0\u00bb\u00a0\u00bb rt_bg_image_repeat=\u00a0\u00bbrepeat\u00a0\u00bb rt_bg_size=\u00a0\u00bbcover\u00a0\u00bb rt_bg_position=\u00a0\u00bbright top\u00a0\u00bb rt_bg_video_format=\u00a0\u00bbself-hosted\u00a0\u00bb rt_padding_top=\u00a0\u00bb105&Prime; rt_padding_bottom=\u00a0\u00bb75&Prime; rt_bg_shape_color=\u00a0\u00bb#f7f7f7&Prime;][vc_column rt_col_paddings=\u00a0\u00bbtrue\u00a0\u00bb rt_wrp_col_paddings=\u00a0\u00bbfalse\u00a0\u00bb rt_column_shadow=\u00a0\u00bb\u00a0\u00bb rt_border_top=\u00a0\u00bb\u00a0\u00bb rt_border_bottom=\u00a0\u00bb\u00a0\u00bb rt_border_left=\u00a0\u00bb\u00a0\u00bb rt_border_right=\u00a0\u00bb\u00a0\u00bb rt_border_top_mobile=\u00a0\u00bb\u00a0\u00bb rt_border_bottom_mobile=\u00a0\u00bb\u00a0\u00bb rt_border_left_mobile=\u00a0\u00bb\u00a0\u00bb rt_border_right_mobile=\u00a0\u00bb\u00a0\u00bb rt_bg_image_repeat=\u00a0\u00bbrepeat\u00a0\u00bb rt_bg_size=\u00a0\u00bbauto auto\u00a0\u00bb rt_bg_position=\u00a0\u00bbright top\u00a0\u00bb rt_bg_attachment=\u00a0\u00bbscroll\u00a0\u00bb rt_bg_color=\u00a0\u00bb\u00a0\u00bb rt_bg_overlay_color=\u00a0\u00bb\u00a0\u00bb][vc_separator style=\u00a0\u00bbstyle-6&Prime;][vc_column_text] Ce sont les v\u00e9t\u00e9rans de la ligne des Selene trans-oc\u00e9aniques. Ils ne sont [&hellip;]","og_url":"https:\/\/www.seleneoceanyachts.com\/fr\/les-selene-historiques\/","og_site_name":"Selene Ocean Yachts","twitter_card":"summary_large_image","twitter_misc":{"Dur\u00e9e de lecture estim\u00e9e":"2 minutes"},"schema":{"@context":"https:\/\/schema.org","@graph":[{"@type":"WebPage","@id":"https:\/\/www.seleneoceanyachts.com\/fr\/les-selene-historiques\/","url":"https:\/\/www.seleneoceanyachts.com\/fr\/les-selene-historiques\/","name":"Les Selene historiques - Selene Ocean Yachts","isPartOf":{"@id":"https:\/\/www.seleneoceanyachts.com\/#website"},"datePublished":"2018-03-21T03:52:57+00:00","breadcrumb":{"@id":"https:\/\/www.seleneoceanyachts.com\/fr\/les-selene-historiques\/#breadcrumb"},"inLanguage":"fr-FR","potentialAction":[{"@type":"ReadAction","target":["https:\/\/www.seleneoceanyachts.com\/fr\/les-selene-historiques\/"]}]},{"@type":"BreadcrumbList","@id":"https:\/\/www.seleneoceanyachts.com\/fr\/les-selene-historiques\/#breadcrumb","itemListElement":[{"@type":"ListItem","position":1,"name":"Home","item":"https:\/\/www.seleneoceanyachts.com\/fr\/"},{"@type":"ListItem","position":2,"name":"Les Selene historiques"}]},{"@type":"WebSite","@id":"https:\/\/www.seleneoceanyachts.com\/#website","url":"https:\/\/www.seleneoceanyachts.com\/","name":"Selene Ocean Yachts","description":"Au del\u00e0 de l\u2019horizon","potentialAction":[{"@type":"SearchAction","target":{"@type":"EntryPoint","urlTemplate":"https:\/\/www.seleneoceanyachts.com\/?s={search_term_string}"},"query-input":{"@type":"PropertyValueSpecification","valueRequired":true,"valueName":"search_term_string"}}],"inLanguage":"fr-FR"}]}},"_links":{"self":[{"href":"https:\/\/www.seleneoceanyachts.com\/fr\/wp-json\/wp\/v2\/pages\/6395","targetHints":{"allow":["GET"]}}],"collection":[{"href":"https:\/\/www.seleneoceanyachts.com\/fr\/wp-json\/wp\/v2\/pages"}],"about":[{"href":"https:\/\/www.seleneoceanyachts.com\/fr\/wp-json\/wp\/v2\/types\/page"}],"author":[{"embeddable":true,"href":"https:\/\/www.seleneoceanyachts.com\/fr\/wp-json\/wp\/v2\/users\/1"}],"replies":[{"embeddable":true,"href":"https:\/\/www.seleneoceanyachts.com\/fr\/wp-json\/wp\/v2\/comments?post=6395"}],"version-history":[{"count":2,"href":"https:\/\/www.seleneoceanyachts.com\/fr\/wp-json\/wp\/v2\/pages\/6395\/revisions"}],"predecessor-version":[{"id":6397,"href":"https:\/\/www.seleneoceanyachts.com\/fr\/wp-json\/wp\/v2\/pages\/6395\/revisions\/6397"}],"wp:attachment":[{"href":"https:\/\/www.seleneoceanyachts.com\/fr\/wp-json\/wp\/v2\/media?parent=6395"}],"wp:term":[{"taxonomy":"category","embeddable":true,"href":"https:\/\/www.seleneoceanyachts.com\/fr\/wp-json\/wp\/v2\/categories?post=6395"},{"taxonomy":"post_tag","embeddable":true,"href":"https:\/\/www.seleneoceanyachts.com\/fr\/wp-json\/wp\/v2\/tags?post=6395"}],"curies":[{"name":"wp","href":"https:\/\/api.w.org\/{rel}","templated":true}]}}