{"id":6398,"date":"2018-03-21T03:54:31","date_gmt":"2018-03-21T03:54:31","guid":{"rendered":"https:\/\/www.seleneoceanyachts.com\/?page_id=6398"},"modified":"2018-07-04T03:38:31","modified_gmt":"2018-07-04T03:38:31","slug":"selene-expedition","status":"publish","type":"page","link":"https:\/\/www.seleneoceanyachts.com\/fr\/selene-expedition\/","title":{"rendered":"Selene Ocean Explorer"},"content":{"rendered":"<p>[vc_row rt_row_background_width=\u00a0\u00bbfullwidth\u00a0\u00bb rt_row_content_width=\u00a0\u00bbdefault\u00a0\u00bb rt_row_style=\u00a0\u00bbdefault-style\u00a0\u00bb rt_row_height=\u00a0\u00bb\u00a0\u00bb rt_column_placement=\u00a0\u00bbmiddle\u00a0\u00bb rt_row_borders=\u00a0\u00bb\u00a0\u00bb rt_row_shadows=\u00a0\u00bb\u00a0\u00bb rt_column_gaps=\u00a0\u00bb\u00a0\u00bb rt_row_paddings=\u00a0\u00bbtrue\u00a0\u00bb rt_bg_effect=\u00a0\u00bbclassic\u00a0\u00bb rt_transparent_bg=\u00a0\u00bb\u00a0\u00bb rt_bg_image_repeat=\u00a0\u00bbrepeat\u00a0\u00bb rt_bg_size=\u00a0\u00bbcover\u00a0\u00bb rt_bg_position=\u00a0\u00bbright top\u00a0\u00bb rt_bg_attachment=\u00a0\u00bbscroll\u00a0\u00bb rt_bg_video_format=\u00a0\u00bbself-hosted\u00a0\u00bb rt_padding_top=\u00a0\u00bb105&Prime; rt_padding_bottom=\u00a0\u00bb75&Prime; rt_bg_color=\u00a0\u00bb#f7f7f7&Prime;][vc_column rt_col_paddings=\u00a0\u00bbtrue\u00a0\u00bb rt_wrp_col_paddings=\u00a0\u00bbfalse\u00a0\u00bb rt_column_shadow=\u00a0\u00bb\u00a0\u00bb rt_border_top=\u00a0\u00bb\u00a0\u00bb rt_border_bottom=\u00a0\u00bb\u00a0\u00bb rt_border_left=\u00a0\u00bb\u00a0\u00bb rt_border_right=\u00a0\u00bb\u00a0\u00bb rt_border_top_mobile=\u00a0\u00bb\u00a0\u00bb rt_border_bottom_mobile=\u00a0\u00bb\u00a0\u00bb rt_border_left_mobile=\u00a0\u00bb\u00a0\u00bb rt_border_right_mobile=\u00a0\u00bb\u00a0\u00bb rt_bg_image_repeat=\u00a0\u00bbrepeat\u00a0\u00bb rt_bg_size=\u00a0\u00bbauto auto\u00a0\u00bb rt_bg_position=\u00a0\u00bbright top\u00a0\u00bb rt_bg_attachment=\u00a0\u00bbscroll\u00a0\u00bb rt_bg_color=\u00a0\u00bb\u00a0\u00bb rt_bg_overlay_color=\u00a0\u00bb\u00a0\u00bb]<div class=\"rt_heading_wrapper style-7\">\n\t\t\t\t\t\t<h1 class=\"rt_heading  aligncenter style-7\" >LES SELENE OCEAN EXPLORER<\/h1> \n\t\t\t\t\t<\/div>[vc_separator style=\u00a0\u00bbstyle-6&Prime;][vc_column_text]<\/p>\n<p style=\"text-align: center;\">Tout est dans le nom\u2026 Ces Selene n\u2019ont pas de limites au-del\u00e0 de l\u2019horizon\u2026 Compl\u00e9mentaires de la ligne classique de trawlers Selene qui sont des bateaux pilot\u00e9s par leurs propri\u00e9taires, les yachts de la ligne Explorer sont destin\u00e9s \u00e0 \u00eatre op\u00e9r\u00e9s par un \u00e9quipage professionnel. Ils sont con\u00e7us pour des armateurs exigeants qui d\u00e9sirent emmener leurs passagers en croisi\u00e8re pour de longs s\u00e9jours, parfois de plusieurs mois dans un confort et une ind\u00e9pendance totale. Cette ligne de bateau est aussi parfaitement adapt\u00e9e \u00e0 des activit\u00e9s de charter avec une cabine de capitaine derri\u00e8re la passerelle et un quartier d\u2019\u00e9quipage \u00e0 l\u2019arri\u00e8re. L\u2019autonomie est \u00e9videmment en ad\u00e9quation avec les ambitions du bateau. Une salle de sport, un sauna, deux annexes, un centre de plong\u00e9e, un bain \u00e0 remous, cette ligne de yachts class\u00e9s RINA et ABS s\u2019adapte \u00e0 de nombreux programmes.<\/p>\n<p>[\/vc_column_text][\/vc_column][\/vc_row][vc_row rt_row_background_width=\u00a0\u00bbfullwidth\u00a0\u00bb rt_row_content_width=\u00a0\u00bbfullwidth\u00a0\u00bb rt_row_style=\u00a0\u00bbdefault-style\u00a0\u00bb rt_row_height=\u00a0\u00bb\u00a0\u00bb rt_row_borders=\u00a0\u00bb\u00a0\u00bb rt_row_shadows=\u00a0\u00bb\u00a0\u00bb rt_column_gaps=\u00a0\u00bb\u00a0\u00bb rt_row_paddings=\u00a0\u00bbtrue\u00a0\u00bb rt_bg_effect=\u00a0\u00bbclassic\u00a0\u00bb rt_transparent_bg=\u00a0\u00bb\u00a0\u00bb rt_bg_image_repeat=\u00a0\u00bbrepeat\u00a0\u00bb rt_bg_size=\u00a0\u00bbcover\u00a0\u00bb rt_bg_position=\u00a0\u00bbright top\u00a0\u00bb rt_bg_attachment=\u00a0\u00bbscroll\u00a0\u00bb rt_bg_video_format=\u00a0\u00bbself-hosted\u00a0\u00bb rt_padding_left=\u00a0\u00bb0&Prime; rt_padding_right=\u00a0\u00bb0&Prime;][vc_column rt_col_paddings=\u00a0\u00bbfalse\u00a0\u00bb rt_wrp_col_paddings=\u00a0\u00bbfalse\u00a0\u00bb rt_column_shadow=\u00a0\u00bb\u00a0\u00bb rt_border_top=\u00a0\u00bb\u00a0\u00bb rt_border_bottom=\u00a0\u00bb\u00a0\u00bb rt_border_left=\u00a0\u00bb\u00a0\u00bb rt_border_right=\u00a0\u00bb\u00a0\u00bb rt_border_top_mobile=\u00a0\u00bb\u00a0\u00bb rt_border_bottom_mobile=\u00a0\u00bb\u00a0\u00bb rt_border_left_mobile=\u00a0\u00bb\u00a0\u00bb rt_border_right_mobile=\u00a0\u00bb\u00a0\u00bb rt_bg_image_repeat=\u00a0\u00bbrepeat\u00a0\u00bb rt_bg_size=\u00a0\u00bbauto auto\u00a0\u00bb rt_bg_position=\u00a0\u00bbright top\u00a0\u00bb rt_bg_attachment=\u00a0\u00bbscroll\u00a0\u00bb rt_bg_color=\u00a0\u00bb\u00a0\u00bb rt_bg_overlay_color=\u00a0\u00bb\u00a0\u00bb]\n<div id=\"portfolio-dynamicID-790844\" class=\"portfolio_list rt-gallery fixed_heights clearfix grid-gallery filterable\" data-column-width=\"4\">\n<div class=\"row fixed_heights clearfix\">\n<div class=\"col col-sm-3   selene-expedition\">\n \n\n<!-- portfolio box-->\n<div class=\"loop style-1 alt-style-1 image post-6575 portfolio type-portfolio status-publish has-post-thumbnail hentry portfolio_categories-selene-expedition\" id=\"portfolio-6575\">\n\n\t \n\t\t\t\t<figure class=\"image-thumbnail\">\n\t\t\t\t\t<a href=\"https:\/\/www.seleneoceanyachts.com\/fr\/yacht-detail\/selene-60-ocean-explorer\/\" target=\"_self\" title=\"Selene 60 Ocean Explorer\"><img decoding=\"async\" src=\"https:\/\/www.seleneoceanyachts.com\/wp-content\/uploads\/2017\/12\/Selene60Guido_vert-600x900.jpg\" alt=\"\" class=\"\" \/><\/a>\n\t\t\t\t<\/figure>\n\n\t\t\t\t<section class=\"text\">\n\t\t\t\t\t<h5 class=\"title\"><a href=\"https:\/\/www.seleneoceanyachts.com\/fr\/yacht-detail\/selene-60-ocean-explorer\/\" target=\"_self\" rel=\"bookmark\">Selene 60 Ocean Explorer<\/a><\/h5>\n\t\t\t\t\t\n\t\t\t\t\t\t\n\t\t\t\t\t<a class=\"read_more\" href=\"https:\/\/www.seleneoceanyachts.com\/fr\/yacht-detail\/selene-60-ocean-explorer\/\" target=\"_self\" rel=\"bookmark\">read more<\/a>\t\n\t\t\t\t<\/section>  \n\t\t\t\n<\/div> \n<!-- \/ portfolio box-->\n<\/div>\n<div class=\"col col-sm-3   selene-expedition\">\n \n\n<!-- portfolio box-->\n<div class=\"loop style-1 alt-style-1 image post-7516 portfolio type-portfolio status-publish has-post-thumbnail hentry portfolio_categories-selene-expedition\" id=\"portfolio-7516\">\n\n\t \n\t\t\t\t<figure class=\"image-thumbnail\">\n\t\t\t\t\t<a href=\"https:\/\/www.seleneoceanyachts.com\/fr\/yacht-detail\/selene-72-ocean-explorer\/\" target=\"_self\" title=\"Selene 72 Ocean Explorer\"><img decoding=\"async\" src=\"https:\/\/www.seleneoceanyachts.com\/wp-content\/uploads\/2017\/01\/feature_s722-600x900.jpg\" alt=\"\" class=\"\" \/><\/a>\n\t\t\t\t<\/figure>\n\n\t\t\t\t<section class=\"text\">\n\t\t\t\t\t<h5 class=\"title\"><a href=\"https:\/\/www.seleneoceanyachts.com\/fr\/yacht-detail\/selene-72-ocean-explorer\/\" target=\"_self\" rel=\"bookmark\">Selene 72 Ocean Explorer<\/a><\/h5>\n\t\t\t\t\t\n\t\t\t\t\t\t\n\t\t\t\t\t<a class=\"read_more\" href=\"https:\/\/www.seleneoceanyachts.com\/fr\/yacht-detail\/selene-72-ocean-explorer\/\" target=\"_self\" rel=\"bookmark\">read more<\/a>\t\n\t\t\t\t<\/section>  \n\t\t\t\n<\/div> \n<!-- \/ portfolio box-->\n<\/div>\n<div class=\"col col-sm-3   selene-expedition\">\n \n\n<!-- portfolio box-->\n<div class=\"loop style-1 alt-style-1 image post-6609 portfolio type-portfolio status-publish has-post-thumbnail hentry portfolio_categories-selene-expedition\" id=\"portfolio-6609\">\n\n\t \n\t\t\t\t<figure class=\"image-thumbnail\">\n\t\t\t\t\t<a href=\"https:\/\/www.seleneoceanyachts.com\/fr\/yacht-detail\/selene-78-ocean-explorer\/\" target=\"_self\" title=\"Selene 78 Ocean Explorer\"><img decoding=\"async\" src=\"https:\/\/www.seleneoceanyachts.com\/wp-content\/uploads\/2017\/01\/selene-78-600x900.jpg\" alt=\"\" class=\"\" \/><\/a>\n\t\t\t\t<\/figure>\n\n\t\t\t\t<section class=\"text\">\n\t\t\t\t\t<h5 class=\"title\"><a href=\"https:\/\/www.seleneoceanyachts.com\/fr\/yacht-detail\/selene-78-ocean-explorer\/\" target=\"_self\" rel=\"bookmark\">Selene 78 Ocean Explorer<\/a><\/h5>\n\t\t\t\t\t\n\t\t\t\t\t\t\n\t\t\t\t\t<a class=\"read_more\" href=\"https:\/\/www.seleneoceanyachts.com\/fr\/yacht-detail\/selene-78-ocean-explorer\/\" target=\"_self\" rel=\"bookmark\">read more<\/a>\t\n\t\t\t\t<\/section>  \n\t\t\t\n<\/div> \n<!-- \/ portfolio box-->\n<\/div>\n<div class=\"col col-sm-3   selection-home selene-expedition\">\n \n\n<!-- portfolio box-->\n<div class=\"loop style-1 alt-style-1 image post-6607 portfolio type-portfolio status-publish has-post-thumbnail hentry portfolio_categories-selection-home portfolio_categories-selene-expedition\" id=\"portfolio-6607\">\n\n\t \n\t\t\t\t<figure class=\"image-thumbnail\">\n\t\t\t\t\t<a href=\"https:\/\/www.seleneoceanyachts.com\/fr\/yacht-detail\/selene-92-ocean-explorer\/\" target=\"_self\" title=\"Selene 92 Ocean Explorer\"><img decoding=\"async\" src=\"https:\/\/www.seleneoceanyachts.com\/wp-content\/uploads\/2017\/01\/Selene-92-600x900.jpg\" alt=\"\" class=\"\" \/><\/a>\n\t\t\t\t<\/figure>\n\n\t\t\t\t<section class=\"text\">\n\t\t\t\t\t<h5 class=\"title\"><a href=\"https:\/\/www.seleneoceanyachts.com\/fr\/yacht-detail\/selene-92-ocean-explorer\/\" target=\"_self\" rel=\"bookmark\">Selene 92 Ocean Explorer<\/a><\/h5>\n\t\t\t\t\t\n\t\t\t\t\t\t\n\t\t\t\t\t<a class=\"read_more\" href=\"https:\/\/www.seleneoceanyachts.com\/fr\/yacht-detail\/selene-92-ocean-explorer\/\" target=\"_self\" rel=\"bookmark\">read more<\/a>\t\n\t\t\t\t<\/section>  \n\t\t\t\n<\/div> \n<!-- \/ portfolio box-->\n<\/div>\n<\/div>\n<\/div>\n<div class=\"paging_wrapper margin-t30 margin-b30\"><\/div>[\/vc_column][\/vc_row]<\/p>\n","protected":false},"excerpt":{"rendered":"<p>[vc_row rt_row_background_width=\u00a0\u00bbfullwidth\u00a0\u00bb rt_row_content_width=\u00a0\u00bbdefault\u00a0\u00bb rt_row_style=\u00a0\u00bbdefault-style\u00a0\u00bb rt_row_height=\u00a0\u00bb\u00a0\u00bb rt_column_placement=\u00a0\u00bbmiddle\u00a0\u00bb rt_row_borders=\u00a0\u00bb\u00a0\u00bb rt_row_shadows=\u00a0\u00bb\u00a0\u00bb rt_column_gaps=\u00a0\u00bb\u00a0\u00bb rt_row_paddings=\u00a0\u00bbtrue\u00a0\u00bb rt_bg_effect=\u00a0\u00bbclassic\u00a0\u00bb rt_transparent_bg=\u00a0\u00bb\u00a0\u00bb rt_bg_image_repeat=\u00a0\u00bbrepeat\u00a0\u00bb rt_bg_size=\u00a0\u00bbcover\u00a0\u00bb rt_bg_position=\u00a0\u00bbright top\u00a0\u00bb rt_bg_attachment=\u00a0\u00bbscroll\u00a0\u00bb rt_bg_video_format=\u00a0\u00bbself-hosted\u00a0\u00bb rt_padding_top=\u00a0\u00bb105&Prime; rt_padding_bottom=\u00a0\u00bb75&Prime; rt_bg_color=\u00a0\u00bb#f7f7f7&Prime;][vc_column rt_col_paddings=\u00a0\u00bbtrue\u00a0\u00bb rt_wrp_col_paddings=\u00a0\u00bbfalse\u00a0\u00bb rt_column_shadow=\u00a0\u00bb\u00a0\u00bb rt_border_top=\u00a0\u00bb\u00a0\u00bb rt_border_bottom=\u00a0\u00bb\u00a0\u00bb rt_border_left=\u00a0\u00bb\u00a0\u00bb rt_border_right=\u00a0\u00bb\u00a0\u00bb rt_border_top_mobile=\u00a0\u00bb\u00a0\u00bb rt_border_bottom_mobile=\u00a0\u00bb\u00a0\u00bb rt_border_left_mobile=\u00a0\u00bb\u00a0\u00bb rt_border_right_mobile=\u00a0\u00bb\u00a0\u00bb rt_bg_image_repeat=\u00a0\u00bbrepeat\u00a0\u00bb rt_bg_size=\u00a0\u00bbauto auto\u00a0\u00bb rt_bg_position=\u00a0\u00bbright top\u00a0\u00bb rt_bg_attachment=\u00a0\u00bbscroll\u00a0\u00bb rt_bg_color=\u00a0\u00bb\u00a0\u00bb rt_bg_overlay_color=\u00a0\u00bb\u00a0\u00bb][vc_separator style=\u00a0\u00bbstyle-6&Prime;][vc_column_text] Tout est dans le nom\u2026 Ces Selene n\u2019ont pas de limites au-del\u00e0 de l\u2019horizon\u2026 &#8230; <a class=\"more-link\" href=\"https:\/\/www.seleneoceanyachts.com\/fr\/yacht-detail\/selene-92-ocean-explorer\/\">Continue reading<\/a><\/p>\n","protected":false},"author":1,"featured_media":0,"parent":0,"menu_order":0,"comment_status":"closed","ping_status":"closed","template":"","meta":{"_monsterinsights_skip_tracking":false,"_monsterinsights_sitenote_active":false,"_monsterinsights_sitenote_note":"","_monsterinsights_sitenote_category":0,"_uf_show_specific_survey":0,"_uf_disable_surveys":false,"footnotes":""},"categories":[],"tags":[],"class_list":["post-6398","page","type-page","status-publish","hentry"],"yoast_head":"<!-- This site is optimized with the Yoast SEO plugin v27.4 - https:\/\/yoast.com\/product\/yoast-seo-wordpress\/ -->\n<title>Selene Ocean Explorer - Selene Ocean Yachts<\/title>\n<meta name=\"robots\" content=\"index, follow, max-snippet:-1, max-image-preview:large, max-video-preview:-1\" \/>\n<link rel=\"canonical\" href=\"https:\/\/www.seleneoceanyachts.com\/fr\/selene-expedition\/\" \/>\n<meta property=\"og:locale\" content=\"fr_FR\" \/>\n<meta property=\"og:type\" content=\"article\" \/>\n<meta property=\"og:title\" content=\"Selene Ocean Explorer - Selene Ocean Yachts\" \/>\n<meta property=\"og:description\" content=\"[vc_row rt_row_background_width=\u00a0\u00bbfullwidth\u00a0\u00bb rt_row_content_width=\u00a0\u00bbdefault\u00a0\u00bb rt_row_style=\u00a0\u00bbdefault-style\u00a0\u00bb rt_row_height=\u00a0\u00bb\u00a0\u00bb rt_column_placement=\u00a0\u00bbmiddle\u00a0\u00bb rt_row_borders=\u00a0\u00bb\u00a0\u00bb rt_row_shadows=\u00a0\u00bb\u00a0\u00bb rt_column_gaps=\u00a0\u00bb\u00a0\u00bb rt_row_paddings=\u00a0\u00bbtrue\u00a0\u00bb rt_bg_effect=\u00a0\u00bbclassic\u00a0\u00bb rt_transparent_bg=\u00a0\u00bb\u00a0\u00bb rt_bg_image_repeat=\u00a0\u00bbrepeat\u00a0\u00bb rt_bg_size=\u00a0\u00bbcover\u00a0\u00bb rt_bg_position=\u00a0\u00bbright top\u00a0\u00bb rt_bg_attachment=\u00a0\u00bbscroll\u00a0\u00bb rt_bg_video_format=\u00a0\u00bbself-hosted\u00a0\u00bb rt_padding_top=\u00a0\u00bb105&Prime; rt_padding_bottom=\u00a0\u00bb75&Prime; rt_bg_color=\u00a0\u00bb#f7f7f7&Prime;][vc_column rt_col_paddings=\u00a0\u00bbtrue\u00a0\u00bb rt_wrp_col_paddings=\u00a0\u00bbfalse\u00a0\u00bb rt_column_shadow=\u00a0\u00bb\u00a0\u00bb rt_border_top=\u00a0\u00bb\u00a0\u00bb rt_border_bottom=\u00a0\u00bb\u00a0\u00bb rt_border_left=\u00a0\u00bb\u00a0\u00bb rt_border_right=\u00a0\u00bb\u00a0\u00bb rt_border_top_mobile=\u00a0\u00bb\u00a0\u00bb rt_border_bottom_mobile=\u00a0\u00bb\u00a0\u00bb rt_border_left_mobile=\u00a0\u00bb\u00a0\u00bb rt_border_right_mobile=\u00a0\u00bb\u00a0\u00bb rt_bg_image_repeat=\u00a0\u00bbrepeat\u00a0\u00bb rt_bg_size=\u00a0\u00bbauto auto\u00a0\u00bb rt_bg_position=\u00a0\u00bbright top\u00a0\u00bb rt_bg_attachment=\u00a0\u00bbscroll\u00a0\u00bb rt_bg_color=\u00a0\u00bb\u00a0\u00bb rt_bg_overlay_color=\u00a0\u00bb\u00a0\u00bb][vc_separator style=\u00a0\u00bbstyle-6&Prime;][vc_column_text] Tout est dans le nom\u2026 Ces Selene n\u2019ont pas de limites au-del\u00e0 de l\u2019horizon\u2026 [&hellip;]\" \/>\n<meta property=\"og:url\" content=\"https:\/\/www.seleneoceanyachts.com\/fr\/selene-expedition\/\" \/>\n<meta property=\"og:site_name\" content=\"Selene Ocean Yachts\" \/>\n<meta property=\"article:modified_time\" content=\"2018-07-04T03:38:31+00:00\" \/>\n<meta name=\"twitter:card\" content=\"summary_large_image\" \/>\n<meta name=\"twitter:label1\" content=\"Dur\u00e9e de lecture estim\u00e9e\" \/>\n\t<meta name=\"twitter:data1\" content=\"3 minutes\" \/>\n<script type=\"application\/ld+json\" class=\"yoast-schema-graph\">{\"@context\":\"https:\\\/\\\/schema.org\",\"@graph\":[{\"@type\":\"WebPage\",\"@id\":\"https:\\\/\\\/www.seleneoceanyachts.com\\\/fr\\\/selene-expedition\\\/\",\"url\":\"https:\\\/\\\/www.seleneoceanyachts.com\\\/fr\\\/selene-expedition\\\/\",\"name\":\"Selene Ocean Explorer - Selene Ocean Yachts\",\"isPartOf\":{\"@id\":\"https:\\\/\\\/www.seleneoceanyachts.com\\\/#website\"},\"datePublished\":\"2018-03-21T03:54:31+00:00\",\"dateModified\":\"2018-07-04T03:38:31+00:00\",\"breadcrumb\":{\"@id\":\"https:\\\/\\\/www.seleneoceanyachts.com\\\/fr\\\/selene-expedition\\\/#breadcrumb\"},\"inLanguage\":\"fr-FR\",\"potentialAction\":[{\"@type\":\"ReadAction\",\"target\":[\"https:\\\/\\\/www.seleneoceanyachts.com\\\/fr\\\/selene-expedition\\\/\"]}]},{\"@type\":\"BreadcrumbList\",\"@id\":\"https:\\\/\\\/www.seleneoceanyachts.com\\\/fr\\\/selene-expedition\\\/#breadcrumb\",\"itemListElement\":[{\"@type\":\"ListItem\",\"position\":1,\"name\":\"Home\",\"item\":\"https:\\\/\\\/www.seleneoceanyachts.com\\\/fr\\\/\"},{\"@type\":\"ListItem\",\"position\":2,\"name\":\"Selene Ocean Explorer\"}]},{\"@type\":\"WebSite\",\"@id\":\"https:\\\/\\\/www.seleneoceanyachts.com\\\/#website\",\"url\":\"https:\\\/\\\/www.seleneoceanyachts.com\\\/\",\"name\":\"Selene Ocean Yachts\",\"description\":\"Au del\u00e0 de l\u2019horizon\",\"potentialAction\":[{\"@type\":\"SearchAction\",\"target\":{\"@type\":\"EntryPoint\",\"urlTemplate\":\"https:\\\/\\\/www.seleneoceanyachts.com\\\/?s={search_term_string}\"},\"query-input\":{\"@type\":\"PropertyValueSpecification\",\"valueRequired\":true,\"valueName\":\"search_term_string\"}}],\"inLanguage\":\"fr-FR\"}]}<\/script>\n<!-- \/ Yoast SEO plugin. -->","yoast_head_json":{"title":"Selene Ocean Explorer - Selene Ocean Yachts","robots":{"index":"index","follow":"follow","max-snippet":"max-snippet:-1","max-image-preview":"max-image-preview:large","max-video-preview":"max-video-preview:-1"},"canonical":"https:\/\/www.seleneoceanyachts.com\/fr\/selene-expedition\/","og_locale":"fr_FR","og_type":"article","og_title":"Selene Ocean Explorer - Selene Ocean Yachts","og_description":"[vc_row rt_row_background_width=\u00a0\u00bbfullwidth\u00a0\u00bb rt_row_content_width=\u00a0\u00bbdefault\u00a0\u00bb rt_row_style=\u00a0\u00bbdefault-style\u00a0\u00bb rt_row_height=\u00a0\u00bb\u00a0\u00bb rt_column_placement=\u00a0\u00bbmiddle\u00a0\u00bb rt_row_borders=\u00a0\u00bb\u00a0\u00bb rt_row_shadows=\u00a0\u00bb\u00a0\u00bb rt_column_gaps=\u00a0\u00bb\u00a0\u00bb rt_row_paddings=\u00a0\u00bbtrue\u00a0\u00bb rt_bg_effect=\u00a0\u00bbclassic\u00a0\u00bb rt_transparent_bg=\u00a0\u00bb\u00a0\u00bb rt_bg_image_repeat=\u00a0\u00bbrepeat\u00a0\u00bb rt_bg_size=\u00a0\u00bbcover\u00a0\u00bb rt_bg_position=\u00a0\u00bbright top\u00a0\u00bb rt_bg_attachment=\u00a0\u00bbscroll\u00a0\u00bb rt_bg_video_format=\u00a0\u00bbself-hosted\u00a0\u00bb rt_padding_top=\u00a0\u00bb105&Prime; rt_padding_bottom=\u00a0\u00bb75&Prime; rt_bg_color=\u00a0\u00bb#f7f7f7&Prime;][vc_column rt_col_paddings=\u00a0\u00bbtrue\u00a0\u00bb rt_wrp_col_paddings=\u00a0\u00bbfalse\u00a0\u00bb rt_column_shadow=\u00a0\u00bb\u00a0\u00bb rt_border_top=\u00a0\u00bb\u00a0\u00bb rt_border_bottom=\u00a0\u00bb\u00a0\u00bb rt_border_left=\u00a0\u00bb\u00a0\u00bb rt_border_right=\u00a0\u00bb\u00a0\u00bb rt_border_top_mobile=\u00a0\u00bb\u00a0\u00bb rt_border_bottom_mobile=\u00a0\u00bb\u00a0\u00bb rt_border_left_mobile=\u00a0\u00bb\u00a0\u00bb rt_border_right_mobile=\u00a0\u00bb\u00a0\u00bb rt_bg_image_repeat=\u00a0\u00bbrepeat\u00a0\u00bb rt_bg_size=\u00a0\u00bbauto auto\u00a0\u00bb rt_bg_position=\u00a0\u00bbright top\u00a0\u00bb rt_bg_attachment=\u00a0\u00bbscroll\u00a0\u00bb rt_bg_color=\u00a0\u00bb\u00a0\u00bb rt_bg_overlay_color=\u00a0\u00bb\u00a0\u00bb][vc_separator style=\u00a0\u00bbstyle-6&Prime;][vc_column_text] Tout est dans le nom\u2026 Ces Selene n\u2019ont pas de limites au-del\u00e0 de l\u2019horizon\u2026 [&hellip;]","og_url":"https:\/\/www.seleneoceanyachts.com\/fr\/selene-expedition\/","og_site_name":"Selene Ocean Yachts","article_modified_time":"2018-07-04T03:38:31+00:00","twitter_card":"summary_large_image","twitter_misc":{"Dur\u00e9e de lecture estim\u00e9e":"3 minutes"},"schema":{"@context":"https:\/\/schema.org","@graph":[{"@type":"WebPage","@id":"https:\/\/www.seleneoceanyachts.com\/fr\/selene-expedition\/","url":"https:\/\/www.seleneoceanyachts.com\/fr\/selene-expedition\/","name":"Selene Ocean Explorer - Selene Ocean Yachts","isPartOf":{"@id":"https:\/\/www.seleneoceanyachts.com\/#website"},"datePublished":"2018-03-21T03:54:31+00:00","dateModified":"2018-07-04T03:38:31+00:00","breadcrumb":{"@id":"https:\/\/www.seleneoceanyachts.com\/fr\/selene-expedition\/#breadcrumb"},"inLanguage":"fr-FR","potentialAction":[{"@type":"ReadAction","target":["https:\/\/www.seleneoceanyachts.com\/fr\/selene-expedition\/"]}]},{"@type":"BreadcrumbList","@id":"https:\/\/www.seleneoceanyachts.com\/fr\/selene-expedition\/#breadcrumb","itemListElement":[{"@type":"ListItem","position":1,"name":"Home","item":"https:\/\/www.seleneoceanyachts.com\/fr\/"},{"@type":"ListItem","position":2,"name":"Selene Ocean Explorer"}]},{"@type":"WebSite","@id":"https:\/\/www.seleneoceanyachts.com\/#website","url":"https:\/\/www.seleneoceanyachts.com\/","name":"Selene Ocean Yachts","description":"Au del\u00e0 de l\u2019horizon","potentialAction":[{"@type":"SearchAction","target":{"@type":"EntryPoint","urlTemplate":"https:\/\/www.seleneoceanyachts.com\/?s={search_term_string}"},"query-input":{"@type":"PropertyValueSpecification","valueRequired":true,"valueName":"search_term_string"}}],"inLanguage":"fr-FR"}]}},"_links":{"self":[{"href":"https:\/\/www.seleneoceanyachts.com\/fr\/wp-json\/wp\/v2\/pages\/6398","targetHints":{"allow":["GET"]}}],"collection":[{"href":"https:\/\/www.seleneoceanyachts.com\/fr\/wp-json\/wp\/v2\/pages"}],"about":[{"href":"https:\/\/www.seleneoceanyachts.com\/fr\/wp-json\/wp\/v2\/types\/page"}],"author":[{"embeddable":true,"href":"https:\/\/www.seleneoceanyachts.com\/fr\/wp-json\/wp\/v2\/users\/1"}],"replies":[{"embeddable":true,"href":"https:\/\/www.seleneoceanyachts.com\/fr\/wp-json\/wp\/v2\/comments?post=6398"}],"version-history":[{"count":4,"href":"https:\/\/www.seleneoceanyachts.com\/fr\/wp-json\/wp\/v2\/pages\/6398\/revisions"}],"predecessor-version":[{"id":7565,"href":"https:\/\/www.seleneoceanyachts.com\/fr\/wp-json\/wp\/v2\/pages\/6398\/revisions\/7565"}],"wp:attachment":[{"href":"https:\/\/www.seleneoceanyachts.com\/fr\/wp-json\/wp\/v2\/media?parent=6398"}],"wp:term":[{"taxonomy":"category","embeddable":true,"href":"https:\/\/www.seleneoceanyachts.com\/fr\/wp-json\/wp\/v2\/categories?post=6398"},{"taxonomy":"post_tag","embeddable":true,"href":"https:\/\/www.seleneoceanyachts.com\/fr\/wp-json\/wp\/v2\/tags?post=6398"}],"curies":[{"name":"wp","href":"https:\/\/api.w.org\/{rel}","templated":true}]}}