{"id":6672,"date":"2018-03-30T03:00:05","date_gmt":"2018-03-30T03:00:05","guid":{"rendered":"https:\/\/www.seleneoceanyachts.com\/?page_id=6672"},"modified":"2018-03-30T03:00:05","modified_gmt":"2018-03-30T03:00:05","slug":"yachts-e-brochures","status":"publish","type":"page","link":"https:\/\/www.seleneoceanyachts.com\/fr\/yachts-e-brochures\/","title":{"rendered":"Yachts e-brochures"},"content":{"rendered":"<p>[vc_row rt_row_background_width=\u00a0\u00bbfullwidth\u00a0\u00bb rt_row_content_width=\u00a0\u00bbdefault\u00a0\u00bb rt_row_style=\u00a0\u00bbdefault-style\u00a0\u00bb rt_row_height=\u00a0\u00bb\u00a0\u00bb rt_column_placement=\u00a0\u00bbmiddle\u00a0\u00bb rt_row_borders=\u00a0\u00bb\u00a0\u00bb rt_row_shadows=\u00a0\u00bb\u00a0\u00bb rt_column_gaps=\u00a0\u00bb\u00a0\u00bb rt_row_paddings=\u00a0\u00bbtrue\u00a0\u00bb rt_bg_effect=\u00a0\u00bbshape\u00a0\u00bb rt_bg_shape=\u00a0\u00bbcross-right\u00a0\u00bb rt_bg_custom_alignment=\u00a0\u00bbtop\u00a0\u00bb rt_transparent_bg=\u00a0\u00bb\u00a0\u00bb rt_bg_image_repeat=\u00a0\u00bbrepeat\u00a0\u00bb rt_bg_size=\u00a0\u00bbcover\u00a0\u00bb rt_bg_position=\u00a0\u00bbright top\u00a0\u00bb rt_bg_video_format=\u00a0\u00bbself-hosted\u00a0\u00bb rt_padding_top=\u00a0\u00bb100&Prime; rt_padding_bottom=\u00a0\u00bb120&Prime; rt_bg_shape_color=\u00a0\u00bb#f7f7f7&Prime;][vc_column width=\u00a0\u00bb1\/2&Prime; rt_col_paddings=\u00a0\u00bbtrue\u00a0\u00bb rt_wrp_col_paddings=\u00a0\u00bbfalse\u00a0\u00bb rt_column_shadow=\u00a0\u00bb\u00a0\u00bb rt_border_top=\u00a0\u00bb\u00a0\u00bb rt_border_bottom=\u00a0\u00bb\u00a0\u00bb rt_border_left=\u00a0\u00bb\u00a0\u00bb rt_border_right=\u00a0\u00bb\u00a0\u00bb rt_border_top_mobile=\u00a0\u00bb\u00a0\u00bb rt_border_bottom_mobile=\u00a0\u00bb\u00a0\u00bb rt_border_left_mobile=\u00a0\u00bb\u00a0\u00bb rt_border_right_mobile=\u00a0\u00bb\u00a0\u00bb rt_bg_image_repeat=\u00a0\u00bbrepeat\u00a0\u00bb rt_bg_size=\u00a0\u00bbauto auto\u00a0\u00bb rt_bg_position=\u00a0\u00bbright top\u00a0\u00bb rt_bg_attachment=\u00a0\u00bbscroll\u00a0\u00bb rt_bg_color=\u00a0\u00bb\u00a0\u00bb rt_bg_overlay_color=\u00a0\u00bb\u00a0\u00bb]<div class=\"rt_heading_wrapper no-style\">\n\t\t\t\t\t\t<h1 class=\"rt_heading  no-style\" >YACHTS E-BROCHURES<\/h1> \n\t\t\t\t\t<\/div>[\/vc_column][vc_column width=\u00a0\u00bb1\/2&Prime; rt_col_paddings=\u00a0\u00bbtrue\u00a0\u00bb rt_wrp_col_paddings=\u00a0\u00bbfalse\u00a0\u00bb rt_column_shadow=\u00a0\u00bb\u00a0\u00bb rt_border_top=\u00a0\u00bb\u00a0\u00bb rt_border_bottom=\u00a0\u00bb\u00a0\u00bb rt_border_left=\u00a0\u00bb\u00a0\u00bb rt_border_right=\u00a0\u00bb\u00a0\u00bb rt_border_top_mobile=\u00a0\u00bb\u00a0\u00bb rt_border_bottom_mobile=\u00a0\u00bb\u00a0\u00bb rt_border_left_mobile=\u00a0\u00bb\u00a0\u00bb rt_border_right_mobile=\u00a0\u00bb\u00a0\u00bb rt_bg_image_repeat=\u00a0\u00bbrepeat\u00a0\u00bb rt_bg_size=\u00a0\u00bbauto auto\u00a0\u00bb rt_bg_position=\u00a0\u00bbright top\u00a0\u00bb rt_bg_attachment=\u00a0\u00bbscroll\u00a0\u00bb rt_bg_color=\u00a0\u00bb\u00a0\u00bb rt_bg_overlay_color=\u00a0\u00bb\u00a0\u00bb rt_padding_top=\u00a0\u00bb40&Prime; rt_padding_bottom=\u00a0\u00bb5&Prime; rt_padding_left=\u00a0\u00bb40&Prime; rt_padding_right=\u00a0\u00bb40&Prime;][\/vc_column][\/vc_row][vc_row rt_row_background_width=\u00a0\u00bbfullwidth\u00a0\u00bb rt_row_content_width=\u00a0\u00bbdefault\u00a0\u00bb rt_row_style=\u00a0\u00bbdefault-style\u00a0\u00bb rt_row_height=\u00a0\u00bb\u00a0\u00bb rt_row_borders=\u00a0\u00bb\u00a0\u00bb rt_row_shadows=\u00a0\u00bb\u00a0\u00bb rt_column_gaps=\u00a0\u00bb\u00a0\u00bb rt_row_paddings=\u00a0\u00bbtrue\u00a0\u00bb rt_bg_effect=\u00a0\u00bbclassic\u00a0\u00bb rt_transparent_bg=\u00a0\u00bb\u00a0\u00bb rt_bg_image_repeat=\u00a0\u00bbrepeat\u00a0\u00bb rt_bg_size=\u00a0\u00bbcover\u00a0\u00bb rt_bg_position=\u00a0\u00bbright top\u00a0\u00bb rt_bg_attachment=\u00a0\u00bbscroll\u00a0\u00bb rt_bg_video_format=\u00a0\u00bbself-hosted\u00a0\u00bb][vc_column rt_col_paddings=\u00a0\u00bbtrue\u00a0\u00bb rt_wrp_col_paddings=\u00a0\u00bbfalse\u00a0\u00bb rt_column_shadow=\u00a0\u00bb\u00a0\u00bb rt_border_top=\u00a0\u00bb\u00a0\u00bb rt_border_bottom=\u00a0\u00bb\u00a0\u00bb rt_border_left=\u00a0\u00bb\u00a0\u00bb rt_border_right=\u00a0\u00bb\u00a0\u00bb rt_border_top_mobile=\u00a0\u00bb\u00a0\u00bb rt_border_bottom_mobile=\u00a0\u00bb\u00a0\u00bb rt_border_left_mobile=\u00a0\u00bb\u00a0\u00bb rt_border_right_mobile=\u00a0\u00bb\u00a0\u00bb rt_bg_image_repeat=\u00a0\u00bbrepeat\u00a0\u00bb rt_bg_size=\u00a0\u00bbauto auto\u00a0\u00bb rt_bg_position=\u00a0\u00bbright top\u00a0\u00bb rt_bg_attachment=\u00a0\u00bbscroll\u00a0\u00bb][vc_column_text]<\/p>\n\n<!-- G\u00e9n\u00e9ration r\u00e9alis\u00e9e avec Document Gallery. Obtenez votre version ici :http:\/\/wordpress.org\/extend\/plugins\/document-gallery -->\n<div id=\"document-gallery-1\" class=\"document-gallery\" data-shortcode='{\"id\":6672,\"include\":\"5382,5155,5156,5157,5158,5246,5159,5154,3776,5160,5161,5162,5163,5164\",\"exclude\":\"\",\"columns\":4,\"fancy\":true,\"order\":\"ASC\",\"orderby\":\"post__in\",\"relation\":\"AND\",\"limit\":-1,\"mime_types\":\"application,video,text,audio,image\",\"new_window\":true,\"paginate\":true,\"post_status\":\"any\",\"post_type\":\"attachment\",\"attachment_pg\":false,\"descriptions\":false,\"skip\":0}' style='--dg-icon-width: 24%'>\n<div class='document-icon-row'>\n   <div class=\"document-icon\">\n      <a href=\"https:\/\/www.seleneoceanyachts.com\/wp-content\/uploads\/2018\/02\/e-brochure-S38-Voyager-aft-cabin.pdf\" target=\"_blank\">\n         <img decoding=\"async\" src=\"https:\/\/www.seleneoceanyachts.com\/wp-content\/uploads\/2018\/02\/e-brochure-S38-Archer-thumb.png\" title=\"e-brochure-S38-Voyager-aft-cabin\" alt=\"e-brochure-S38-Voyager-aft-cabin\" data-ext=\"pdf\"\/>\n         <span class=\"title\">e-brochure-S38-Voyager-aft-cabin<\/span>\n      <\/a>\n   <\/div>\n   <div class=\"document-icon\">\n      <a href=\"https:\/\/www.seleneoceanyachts.com\/wp-content\/uploads\/2017\/11\/e-brochure-S42-Voyager-aft-cabin.pdf\" target=\"_blank\">\n         <img decoding=\"async\" src=\"https:\/\/www.seleneoceanyachts.com\/wp-content\/uploads\/2017\/11\/e-brochure-S42-Archer-1-thumb.png\" title=\"e-brochure-S42-Voyager-aft-cabin\" alt=\"e-brochure-S42-Voyager-aft-cabin\" data-ext=\"pdf\"\/>\n         <span class=\"title\">e-brochure-S42-Voyager-aft-cabin<\/span>\n      <\/a>\n   <\/div>\n   <div class=\"document-icon\">\n      <a href=\"https:\/\/www.seleneoceanyachts.com\/wp-content\/uploads\/2017\/11\/e-brochure-S42-Voyager-sedan.pdf\" target=\"_blank\">\n         <img decoding=\"async\" src=\"https:\/\/www.seleneoceanyachts.com\/wp-content\/uploads\/2017\/11\/e-brochure-S42-Europa-1-thumb.png\" title=\"e-brochure-S42-Voyager-sedan\" alt=\"e-brochure-S42-Voyager-sedan\" data-ext=\"pdf\"\/>\n         <span class=\"title\">e-brochure-S42-Voyager-sedan<\/span>\n      <\/a>\n   <\/div>\n   <div class=\"document-icon\">\n      <a href=\"https:\/\/www.seleneoceanyachts.com\/wp-content\/uploads\/2017\/11\/e-brochure-S45-Explorer-Yacht.pdf\" target=\"_blank\">\n         <img decoding=\"async\" src=\"https:\/\/www.seleneoceanyachts.com\/wp-content\/uploads\/2017\/11\/e-brochure-S45-Ocean-trawler-thumb.png\" title=\"e-brochure-S45-Explorer-Yacht\" alt=\"e-brochure-S45-Explorer-Yacht\" data-ext=\"pdf\"\/>\n         <span class=\"title\">e-brochure-S45-Explorer-Yacht<\/span>\n      <\/a>\n   <\/div>\n\n<\/div>\n<div class='document-icon-row'>\n   <div class=\"document-icon\">\n      <a href=\"https:\/\/www.seleneoceanyachts.com\/wp-content\/uploads\/2017\/12\/e-brochure-S49-Explorer-Yacht.pdf\" target=\"_blank\">\n         <img decoding=\"async\" src=\"https:\/\/www.seleneoceanyachts.com\/wp-content\/uploads\/2017\/12\/e-brochure-S49-Ocean-trawler-thumb.png\" title=\"e-brochure-S49-Explorer-Yacht\" alt=\"e-brochure-S49-Explorer-Yacht\" data-ext=\"pdf\"\/>\n         <span class=\"title\">e-brochure-S49-Explorer-Yacht<\/span>\n      <\/a>\n   <\/div>\n   <div class=\"document-icon\">\n      <a href=\"https:\/\/www.seleneoceanyachts.com\/wp-content\/uploads\/2018\/01\/e-brochure-S50-Voyager-sedan.pdf\" target=\"_blank\">\n         <img decoding=\"async\" src=\"https:\/\/www.seleneoceanyachts.com\/wp-content\/uploads\/2018\/01\/e-brochure-S50-Voyager-sedan-thumb.png\" title=\"e-brochure-S50-Voyager-sedan\" alt=\"e-brochure-S50-Voyager-sedan\" data-ext=\"pdf\"\/>\n         <span class=\"title\">e-brochure-S50-Voyager-sedan<\/span>\n      <\/a>\n   <\/div>\n   <div class=\"document-icon\">\n      <a href=\"https:\/\/www.seleneoceanyachts.com\/wp-content\/uploads\/2017\/12\/e-brochure-S54-Explorer-Yacht.pdf\" target=\"_blank\">\n         <img decoding=\"async\" src=\"https:\/\/www.seleneoceanyachts.com\/wp-content\/uploads\/2017\/12\/e-brochure-S54-Ocean-trawler-thumb.png\" title=\"e-brochure-S54-Explorer-Yacht\" alt=\"e-brochure-S54-Explorer-Yacht\" data-ext=\"pdf\"\/>\n         <span class=\"title\">e-brochure-S54-Explorer-Yacht<\/span>\n      <\/a>\n   <\/div>\n   <div class=\"document-icon\">\n      <a href=\"https:\/\/www.seleneoceanyachts.com\/wp-content\/uploads\/2017\/11\/e-brochure-S59-Ocean-Clipper.pdf\" target=\"_blank\">\n         <img decoding=\"async\" src=\"https:\/\/www.seleneoceanyachts.com\/wp-content\/uploads\/2017\/11\/e-brochure-S59-Ocean-Clipper-thumb.png\" title=\"e-brochure-S59-Ocean-Clipper\" alt=\"e-brochure-S59-Ocean-Clipper\" data-ext=\"pdf\"\/>\n         <span class=\"title\">e-brochure-S59-Ocean-Clipper<\/span>\n      <\/a>\n   <\/div>\n\n<\/div>\n<div class='document-icon-row'>\n   <div class=\"document-icon\">\n      <a href=\"https:\/\/www.seleneoceanyachts.com\/wp-content\/uploads\/2017\/11\/e-brochure-S60.pdf\" target=\"_blank\">\n         <img decoding=\"async\" src=\"https:\/\/www.seleneoceanyachts.com\/wp-content\/uploads\/2017\/11\/e-brochure-S60-thumb.png\" title=\"e-brochure S60 Ocean Yacht\" alt=\"e-brochure S60 Ocean Yacht\" data-ext=\"pdf\"\/>\n         <span class=\"title\">e-brochure S60 Ocean Yacht<\/span>\n      <\/a>\n   <\/div>\n   <div class=\"document-icon\">\n      <a href=\"https:\/\/www.seleneoceanyachts.com\/wp-content\/uploads\/2017\/12\/e-brochure-S60-Expedition.pdf\" target=\"_blank\">\n         <img decoding=\"async\" src=\"https:\/\/www.seleneoceanyachts.com\/wp-content\/uploads\/2017\/12\/e-brochure-S60-Expedition-thumb.png\" title=\"e-brochure-S60-Expedition\" alt=\"e-brochure-S60-Expedition\" data-ext=\"pdf\"\/>\n         <span class=\"title\">e-brochure-S60-Expedition<\/span>\n      <\/a>\n   <\/div>\n   <div class=\"document-icon\">\n      <a href=\"https:\/\/www.seleneoceanyachts.com\/wp-content\/uploads\/2017\/12\/e-brochure-S66-Explorer-Yacht.pdf\" target=\"_blank\">\n         <img decoding=\"async\" src=\"https:\/\/www.seleneoceanyachts.com\/wp-content\/uploads\/2017\/12\/e-brochure-S66-Ocean-trawler-thumb.png\" title=\"e-brochure-S66-Explorer-Yacht\" alt=\"e-brochure-S66-Explorer-Yacht\" data-ext=\"pdf\"\/>\n         <span class=\"title\">e-brochure-S66-Explorer-Yacht<\/span>\n      <\/a>\n   <\/div>\n   <div class=\"document-icon\">\n      <a href=\"https:\/\/www.seleneoceanyachts.com\/wp-content\/uploads\/2017\/12\/e-brochure-S72-Explorer-Yacht.pdf\" target=\"_blank\">\n         <img decoding=\"async\" src=\"https:\/\/www.seleneoceanyachts.com\/wp-content\/uploads\/2017\/12\/e-brochure-S72-Ocean-trawler-thumb.png\" title=\"e-brochure-S72-Explorer-Yacht\" alt=\"e-brochure-S72-Explorer-Yacht\" data-ext=\"pdf\"\/>\n         <span class=\"title\">e-brochure-S72-Explorer-Yacht<\/span>\n      <\/a>\n   <\/div>\n\n<\/div>\n<div class='document-icon-row'>\n   <div class=\"document-icon\">\n      <a href=\"https:\/\/www.seleneoceanyachts.com\/wp-content\/uploads\/2017\/12\/e-brochure-S78-Expedition-Yacht.pdf\" target=\"_blank\">\n         <img decoding=\"async\" src=\"https:\/\/www.seleneoceanyachts.com\/wp-content\/uploads\/2017\/12\/e-brochure-S78-Expedition-Yacht-thumb.png\" title=\"e-brochure-S78-Expedition-Yacht\" alt=\"e-brochure-S78-Expedition-Yacht\" data-ext=\"pdf\"\/>\n         <span class=\"title\">e-brochure-S78-Expedition-Yacht<\/span>\n      <\/a>\n   <\/div>\n   <div class=\"document-icon\">\n      <a href=\"https:\/\/www.seleneoceanyachts.com\/wp-content\/uploads\/2017\/11\/e-brochure-S92-Expedition-Yacht.pdf\" target=\"_blank\">\n         <img decoding=\"async\" src=\"https:\/\/www.seleneoceanyachts.com\/wp-content\/uploads\/2017\/11\/e-brochure-S92-Expedition-Yacht-thumb.jpeg\" title=\"e-brochure-S92-Expedition-Yacht\" alt=\"e-brochure-S92-Expedition-Yacht\" data-ext=\"pdf\"\/>\n         <span class=\"title\">e-brochure-S92-Expedition-Yacht<\/span>\n      <\/a>\n   <\/div>\n\n<\/div>\n<\/div>\n<p>[\/vc_column_text][\/vc_column][\/vc_row]<\/p>\n","protected":false},"excerpt":{"rendered":"<p>[vc_row rt_row_background_width=\u00a0\u00bbfullwidth\u00a0\u00bb rt_row_content_width=\u00a0\u00bbdefault\u00a0\u00bb rt_row_style=\u00a0\u00bbdefault-style\u00a0\u00bb rt_row_height=\u00a0\u00bb\u00a0\u00bb rt_column_placement=\u00a0\u00bbmiddle\u00a0\u00bb rt_row_borders=\u00a0\u00bb\u00a0\u00bb rt_row_shadows=\u00a0\u00bb\u00a0\u00bb rt_column_gaps=\u00a0\u00bb\u00a0\u00bb rt_row_paddings=\u00a0\u00bbtrue\u00a0\u00bb rt_bg_effect=\u00a0\u00bbshape\u00a0\u00bb rt_bg_shape=\u00a0\u00bbcross-right\u00a0\u00bb rt_bg_custom_alignment=\u00a0\u00bbtop\u00a0\u00bb rt_transparent_bg=\u00a0\u00bb\u00a0\u00bb rt_bg_image_repeat=\u00a0\u00bbrepeat\u00a0\u00bb rt_bg_size=\u00a0\u00bbcover\u00a0\u00bb rt_bg_position=\u00a0\u00bbright top\u00a0\u00bb rt_bg_video_format=\u00a0\u00bbself-hosted\u00a0\u00bb rt_padding_top=\u00a0\u00bb100&Prime; rt_padding_bottom=\u00a0\u00bb120&Prime; rt_bg_shape_color=\u00a0\u00bb#f7f7f7&Prime;][vc_column width=\u00a0\u00bb1\/2&Prime; rt_col_paddings=\u00a0\u00bbtrue\u00a0\u00bb rt_wrp_col_paddings=\u00a0\u00bbfalse\u00a0\u00bb rt_column_shadow=\u00a0\u00bb\u00a0\u00bb rt_border_top=\u00a0\u00bb\u00a0\u00bb rt_border_bottom=\u00a0\u00bb\u00a0\u00bb rt_border_left=\u00a0\u00bb\u00a0\u00bb rt_border_right=\u00a0\u00bb\u00a0\u00bb rt_border_top_mobile=\u00a0\u00bb\u00a0\u00bb rt_border_bottom_mobile=\u00a0\u00bb\u00a0\u00bb rt_border_left_mobile=\u00a0\u00bb\u00a0\u00bb rt_border_right_mobile=\u00a0\u00bb\u00a0\u00bb rt_bg_image_repeat=\u00a0\u00bbrepeat\u00a0\u00bb rt_bg_size=\u00a0\u00bbauto auto\u00a0\u00bb rt_bg_position=\u00a0\u00bbright top\u00a0\u00bb rt_bg_attachment=\u00a0\u00bbscroll\u00a0\u00bb rt_bg_color=\u00a0\u00bb\u00a0\u00bb rt_bg_overlay_color=\u00a0\u00bb\u00a0\u00bb][\/vc_column][vc_column width=\u00a0\u00bb1\/2&Prime; rt_col_paddings=\u00a0\u00bbtrue\u00a0\u00bb rt_wrp_col_paddings=\u00a0\u00bbfalse\u00a0\u00bb rt_column_shadow=\u00a0\u00bb\u00a0\u00bb rt_border_top=\u00a0\u00bb\u00a0\u00bb rt_border_bottom=\u00a0\u00bb\u00a0\u00bb rt_border_left=\u00a0\u00bb\u00a0\u00bb rt_border_right=\u00a0\u00bb\u00a0\u00bb rt_border_top_mobile=\u00a0\u00bb\u00a0\u00bb rt_border_bottom_mobile=\u00a0\u00bb\u00a0\u00bb rt_border_left_mobile=\u00a0\u00bb\u00a0\u00bb rt_border_right_mobile=\u00a0\u00bb\u00a0\u00bb rt_bg_image_repeat=\u00a0\u00bbrepeat\u00a0\u00bb &#8230; <a class=\"more-link\" href=\"https:\/\/www.seleneoceanyachts.com\/fr\/yachts-e-brochures\/\">Continue reading<\/a><\/p>\n","protected":false},"author":1,"featured_media":0,"parent":0,"menu_order":0,"comment_status":"closed","ping_status":"closed","template":"","meta":{"_monsterinsights_skip_tracking":false,"_monsterinsights_sitenote_active":false,"_monsterinsights_sitenote_note":"","_monsterinsights_sitenote_category":0,"_uf_show_specific_survey":0,"_uf_disable_surveys":false,"footnotes":""},"categories":[],"tags":[],"class_list":["post-6672","page","type-page","status-publish","hentry"],"yoast_head":"<!-- This site is optimized with the Yoast SEO plugin v27.4 - https:\/\/yoast.com\/product\/yoast-seo-wordpress\/ -->\n<title>Yachts e-brochures - Selene Ocean Yachts<\/title>\n<meta name=\"robots\" content=\"index, follow, max-snippet:-1, max-image-preview:large, max-video-preview:-1\" \/>\n<link rel=\"canonical\" href=\"https:\/\/www.seleneoceanyachts.com\/fr\/yachts-e-brochures\/\" \/>\n<meta property=\"og:locale\" content=\"fr_FR\" \/>\n<meta property=\"og:type\" content=\"article\" \/>\n<meta property=\"og:title\" content=\"Yachts e-brochures - Selene Ocean Yachts\" \/>\n<meta property=\"og:description\" content=\"[vc_row rt_row_background_width=\u00a0\u00bbfullwidth\u00a0\u00bb rt_row_content_width=\u00a0\u00bbdefault\u00a0\u00bb rt_row_style=\u00a0\u00bbdefault-style\u00a0\u00bb rt_row_height=\u00a0\u00bb\u00a0\u00bb rt_column_placement=\u00a0\u00bbmiddle\u00a0\u00bb rt_row_borders=\u00a0\u00bb\u00a0\u00bb rt_row_shadows=\u00a0\u00bb\u00a0\u00bb rt_column_gaps=\u00a0\u00bb\u00a0\u00bb rt_row_paddings=\u00a0\u00bbtrue\u00a0\u00bb rt_bg_effect=\u00a0\u00bbshape\u00a0\u00bb rt_bg_shape=\u00a0\u00bbcross-right\u00a0\u00bb rt_bg_custom_alignment=\u00a0\u00bbtop\u00a0\u00bb rt_transparent_bg=\u00a0\u00bb\u00a0\u00bb rt_bg_image_repeat=\u00a0\u00bbrepeat\u00a0\u00bb rt_bg_size=\u00a0\u00bbcover\u00a0\u00bb rt_bg_position=\u00a0\u00bbright top\u00a0\u00bb rt_bg_video_format=\u00a0\u00bbself-hosted\u00a0\u00bb rt_padding_top=\u00a0\u00bb100&Prime; rt_padding_bottom=\u00a0\u00bb120&Prime; rt_bg_shape_color=\u00a0\u00bb#f7f7f7&Prime;][vc_column width=\u00a0\u00bb1\/2&Prime; rt_col_paddings=\u00a0\u00bbtrue\u00a0\u00bb rt_wrp_col_paddings=\u00a0\u00bbfalse\u00a0\u00bb rt_column_shadow=\u00a0\u00bb\u00a0\u00bb rt_border_top=\u00a0\u00bb\u00a0\u00bb rt_border_bottom=\u00a0\u00bb\u00a0\u00bb rt_border_left=\u00a0\u00bb\u00a0\u00bb rt_border_right=\u00a0\u00bb\u00a0\u00bb rt_border_top_mobile=\u00a0\u00bb\u00a0\u00bb rt_border_bottom_mobile=\u00a0\u00bb\u00a0\u00bb rt_border_left_mobile=\u00a0\u00bb\u00a0\u00bb rt_border_right_mobile=\u00a0\u00bb\u00a0\u00bb rt_bg_image_repeat=\u00a0\u00bbrepeat\u00a0\u00bb rt_bg_size=\u00a0\u00bbauto auto\u00a0\u00bb rt_bg_position=\u00a0\u00bbright top\u00a0\u00bb rt_bg_attachment=\u00a0\u00bbscroll\u00a0\u00bb rt_bg_color=\u00a0\u00bb\u00a0\u00bb rt_bg_overlay_color=\u00a0\u00bb\u00a0\u00bb][\/vc_column][vc_column width=\u00a0\u00bb1\/2&Prime; rt_col_paddings=\u00a0\u00bbtrue\u00a0\u00bb rt_wrp_col_paddings=\u00a0\u00bbfalse\u00a0\u00bb rt_column_shadow=\u00a0\u00bb\u00a0\u00bb rt_border_top=\u00a0\u00bb\u00a0\u00bb rt_border_bottom=\u00a0\u00bb\u00a0\u00bb rt_border_left=\u00a0\u00bb\u00a0\u00bb rt_border_right=\u00a0\u00bb\u00a0\u00bb rt_border_top_mobile=\u00a0\u00bb\u00a0\u00bb rt_border_bottom_mobile=\u00a0\u00bb\u00a0\u00bb rt_border_left_mobile=\u00a0\u00bb\u00a0\u00bb rt_border_right_mobile=\u00a0\u00bb\u00a0\u00bb rt_bg_image_repeat=\u00a0\u00bbrepeat\u00a0\u00bb [&hellip;]\" \/>\n<meta property=\"og:url\" content=\"https:\/\/www.seleneoceanyachts.com\/fr\/yachts-e-brochures\/\" \/>\n<meta property=\"og:site_name\" content=\"Selene Ocean Yachts\" \/>\n<meta name=\"twitter:card\" content=\"summary_large_image\" \/>\n<meta name=\"twitter:label1\" content=\"Dur\u00e9e de lecture estim\u00e9e\" \/>\n\t<meta name=\"twitter:data1\" content=\"2 minutes\" \/>\n<script type=\"application\/ld+json\" class=\"yoast-schema-graph\">{\"@context\":\"https:\\\/\\\/schema.org\",\"@graph\":[{\"@type\":\"WebPage\",\"@id\":\"https:\\\/\\\/www.seleneoceanyachts.com\\\/fr\\\/yachts-e-brochures\\\/\",\"url\":\"https:\\\/\\\/www.seleneoceanyachts.com\\\/fr\\\/yachts-e-brochures\\\/\",\"name\":\"Yachts e-brochures - Selene Ocean Yachts\",\"isPartOf\":{\"@id\":\"https:\\\/\\\/www.seleneoceanyachts.com\\\/#website\"},\"datePublished\":\"2018-03-30T03:00:05+00:00\",\"breadcrumb\":{\"@id\":\"https:\\\/\\\/www.seleneoceanyachts.com\\\/fr\\\/yachts-e-brochures\\\/#breadcrumb\"},\"inLanguage\":\"fr-FR\",\"potentialAction\":[{\"@type\":\"ReadAction\",\"target\":[\"https:\\\/\\\/www.seleneoceanyachts.com\\\/fr\\\/yachts-e-brochures\\\/\"]}]},{\"@type\":\"BreadcrumbList\",\"@id\":\"https:\\\/\\\/www.seleneoceanyachts.com\\\/fr\\\/yachts-e-brochures\\\/#breadcrumb\",\"itemListElement\":[{\"@type\":\"ListItem\",\"position\":1,\"name\":\"Home\",\"item\":\"https:\\\/\\\/www.seleneoceanyachts.com\\\/fr\\\/\"},{\"@type\":\"ListItem\",\"position\":2,\"name\":\"Yachts e-brochures\"}]},{\"@type\":\"WebSite\",\"@id\":\"https:\\\/\\\/www.seleneoceanyachts.com\\\/#website\",\"url\":\"https:\\\/\\\/www.seleneoceanyachts.com\\\/\",\"name\":\"Selene Ocean Yachts\",\"description\":\"Au del\u00e0 de l\u2019horizon\",\"potentialAction\":[{\"@type\":\"SearchAction\",\"target\":{\"@type\":\"EntryPoint\",\"urlTemplate\":\"https:\\\/\\\/www.seleneoceanyachts.com\\\/?s={search_term_string}\"},\"query-input\":{\"@type\":\"PropertyValueSpecification\",\"valueRequired\":true,\"valueName\":\"search_term_string\"}}],\"inLanguage\":\"fr-FR\"}]}<\/script>\n<!-- \/ Yoast SEO plugin. -->","yoast_head_json":{"title":"Yachts e-brochures - Selene Ocean Yachts","robots":{"index":"index","follow":"follow","max-snippet":"max-snippet:-1","max-image-preview":"max-image-preview:large","max-video-preview":"max-video-preview:-1"},"canonical":"https:\/\/www.seleneoceanyachts.com\/fr\/yachts-e-brochures\/","og_locale":"fr_FR","og_type":"article","og_title":"Yachts e-brochures - Selene Ocean Yachts","og_description":"[vc_row rt_row_background_width=\u00a0\u00bbfullwidth\u00a0\u00bb rt_row_content_width=\u00a0\u00bbdefault\u00a0\u00bb rt_row_style=\u00a0\u00bbdefault-style\u00a0\u00bb rt_row_height=\u00a0\u00bb\u00a0\u00bb rt_column_placement=\u00a0\u00bbmiddle\u00a0\u00bb rt_row_borders=\u00a0\u00bb\u00a0\u00bb rt_row_shadows=\u00a0\u00bb\u00a0\u00bb rt_column_gaps=\u00a0\u00bb\u00a0\u00bb rt_row_paddings=\u00a0\u00bbtrue\u00a0\u00bb rt_bg_effect=\u00a0\u00bbshape\u00a0\u00bb rt_bg_shape=\u00a0\u00bbcross-right\u00a0\u00bb rt_bg_custom_alignment=\u00a0\u00bbtop\u00a0\u00bb rt_transparent_bg=\u00a0\u00bb\u00a0\u00bb rt_bg_image_repeat=\u00a0\u00bbrepeat\u00a0\u00bb rt_bg_size=\u00a0\u00bbcover\u00a0\u00bb rt_bg_position=\u00a0\u00bbright top\u00a0\u00bb rt_bg_video_format=\u00a0\u00bbself-hosted\u00a0\u00bb rt_padding_top=\u00a0\u00bb100&Prime; rt_padding_bottom=\u00a0\u00bb120&Prime; rt_bg_shape_color=\u00a0\u00bb#f7f7f7&Prime;][vc_column width=\u00a0\u00bb1\/2&Prime; rt_col_paddings=\u00a0\u00bbtrue\u00a0\u00bb rt_wrp_col_paddings=\u00a0\u00bbfalse\u00a0\u00bb rt_column_shadow=\u00a0\u00bb\u00a0\u00bb rt_border_top=\u00a0\u00bb\u00a0\u00bb rt_border_bottom=\u00a0\u00bb\u00a0\u00bb rt_border_left=\u00a0\u00bb\u00a0\u00bb rt_border_right=\u00a0\u00bb\u00a0\u00bb rt_border_top_mobile=\u00a0\u00bb\u00a0\u00bb rt_border_bottom_mobile=\u00a0\u00bb\u00a0\u00bb rt_border_left_mobile=\u00a0\u00bb\u00a0\u00bb rt_border_right_mobile=\u00a0\u00bb\u00a0\u00bb rt_bg_image_repeat=\u00a0\u00bbrepeat\u00a0\u00bb rt_bg_size=\u00a0\u00bbauto auto\u00a0\u00bb rt_bg_position=\u00a0\u00bbright top\u00a0\u00bb rt_bg_attachment=\u00a0\u00bbscroll\u00a0\u00bb rt_bg_color=\u00a0\u00bb\u00a0\u00bb rt_bg_overlay_color=\u00a0\u00bb\u00a0\u00bb][\/vc_column][vc_column width=\u00a0\u00bb1\/2&Prime; rt_col_paddings=\u00a0\u00bbtrue\u00a0\u00bb rt_wrp_col_paddings=\u00a0\u00bbfalse\u00a0\u00bb rt_column_shadow=\u00a0\u00bb\u00a0\u00bb rt_border_top=\u00a0\u00bb\u00a0\u00bb rt_border_bottom=\u00a0\u00bb\u00a0\u00bb rt_border_left=\u00a0\u00bb\u00a0\u00bb rt_border_right=\u00a0\u00bb\u00a0\u00bb rt_border_top_mobile=\u00a0\u00bb\u00a0\u00bb rt_border_bottom_mobile=\u00a0\u00bb\u00a0\u00bb rt_border_left_mobile=\u00a0\u00bb\u00a0\u00bb rt_border_right_mobile=\u00a0\u00bb\u00a0\u00bb rt_bg_image_repeat=\u00a0\u00bbrepeat\u00a0\u00bb [&hellip;]","og_url":"https:\/\/www.seleneoceanyachts.com\/fr\/yachts-e-brochures\/","og_site_name":"Selene Ocean Yachts","twitter_card":"summary_large_image","twitter_misc":{"Dur\u00e9e de lecture estim\u00e9e":"2 minutes"},"schema":{"@context":"https:\/\/schema.org","@graph":[{"@type":"WebPage","@id":"https:\/\/www.seleneoceanyachts.com\/fr\/yachts-e-brochures\/","url":"https:\/\/www.seleneoceanyachts.com\/fr\/yachts-e-brochures\/","name":"Yachts e-brochures - Selene Ocean Yachts","isPartOf":{"@id":"https:\/\/www.seleneoceanyachts.com\/#website"},"datePublished":"2018-03-30T03:00:05+00:00","breadcrumb":{"@id":"https:\/\/www.seleneoceanyachts.com\/fr\/yachts-e-brochures\/#breadcrumb"},"inLanguage":"fr-FR","potentialAction":[{"@type":"ReadAction","target":["https:\/\/www.seleneoceanyachts.com\/fr\/yachts-e-brochures\/"]}]},{"@type":"BreadcrumbList","@id":"https:\/\/www.seleneoceanyachts.com\/fr\/yachts-e-brochures\/#breadcrumb","itemListElement":[{"@type":"ListItem","position":1,"name":"Home","item":"https:\/\/www.seleneoceanyachts.com\/fr\/"},{"@type":"ListItem","position":2,"name":"Yachts e-brochures"}]},{"@type":"WebSite","@id":"https:\/\/www.seleneoceanyachts.com\/#website","url":"https:\/\/www.seleneoceanyachts.com\/","name":"Selene Ocean Yachts","description":"Au del\u00e0 de l\u2019horizon","potentialAction":[{"@type":"SearchAction","target":{"@type":"EntryPoint","urlTemplate":"https:\/\/www.seleneoceanyachts.com\/?s={search_term_string}"},"query-input":{"@type":"PropertyValueSpecification","valueRequired":true,"valueName":"search_term_string"}}],"inLanguage":"fr-FR"}]}},"_links":{"self":[{"href":"https:\/\/www.seleneoceanyachts.com\/fr\/wp-json\/wp\/v2\/pages\/6672","targetHints":{"allow":["GET"]}}],"collection":[{"href":"https:\/\/www.seleneoceanyachts.com\/fr\/wp-json\/wp\/v2\/pages"}],"about":[{"href":"https:\/\/www.seleneoceanyachts.com\/fr\/wp-json\/wp\/v2\/types\/page"}],"author":[{"embeddable":true,"href":"https:\/\/www.seleneoceanyachts.com\/fr\/wp-json\/wp\/v2\/users\/1"}],"replies":[{"embeddable":true,"href":"https:\/\/www.seleneoceanyachts.com\/fr\/wp-json\/wp\/v2\/comments?post=6672"}],"version-history":[{"count":2,"href":"https:\/\/www.seleneoceanyachts.com\/fr\/wp-json\/wp\/v2\/pages\/6672\/revisions"}],"predecessor-version":[{"id":6674,"href":"https:\/\/www.seleneoceanyachts.com\/fr\/wp-json\/wp\/v2\/pages\/6672\/revisions\/6674"}],"wp:attachment":[{"href":"https:\/\/www.seleneoceanyachts.com\/fr\/wp-json\/wp\/v2\/media?parent=6672"}],"wp:term":[{"taxonomy":"category","embeddable":true,"href":"https:\/\/www.seleneoceanyachts.com\/fr\/wp-json\/wp\/v2\/categories?post=6672"},{"taxonomy":"post_tag","embeddable":true,"href":"https:\/\/www.seleneoceanyachts.com\/fr\/wp-json\/wp\/v2\/tags?post=6672"}],"curies":[{"name":"wp","href":"https:\/\/api.w.org\/{rel}","templated":true}]}}