{"id":6682,"date":"2018-06-26T03:23:31","date_gmt":"2018-06-26T03:23:31","guid":{"rendered":"https:\/\/www.seleneoceanyachts.com\/?page_id=6682"},"modified":"2018-07-04T02:58:49","modified_gmt":"2018-07-04T02:58:49","slug":"les-avantages-selene","status":"publish","type":"page","link":"https:\/\/www.seleneoceanyachts.com\/fr\/les-avantages-selene\/","title":{"rendered":"Les Avantages Selene"},"content":{"rendered":"<div class=\"wpb-content-wrapper\"><p>[vc_row rt_row_background_width=\u00a0\u00bbfullwidth\u00a0\u00bb rt_row_content_width=\u00a0\u00bbdefault\u00a0\u00bb rt_row_style=\u00a0\u00bbdefault-style\u00a0\u00bb rt_row_height=\u00a0\u00bb\u00a0\u00bb rt_column_placement=\u00a0\u00bbmiddle\u00a0\u00bb rt_row_borders=\u00a0\u00bb\u00a0\u00bb rt_row_shadows=\u00a0\u00bb\u00a0\u00bb rt_column_gaps=\u00a0\u00bb\u00a0\u00bb rt_row_paddings=\u00a0\u00bbtrue\u00a0\u00bb rt_bg_effect=\u00a0\u00bbshape\u00a0\u00bb rt_bg_shape=\u00a0\u00bbcross-right\u00a0\u00bb rt_bg_custom_alignment=\u00a0\u00bbtop\u00a0\u00bb rt_transparent_bg=\u00a0\u00bb\u00a0\u00bb rt_bg_image_repeat=\u00a0\u00bbrepeat\u00a0\u00bb rt_bg_size=\u00a0\u00bbcover\u00a0\u00bb rt_bg_position=\u00a0\u00bbright top\u00a0\u00bb rt_bg_video_format=\u00a0\u00bbself-hosted\u00a0\u00bb rt_padding_top=\u00a0\u00bb100&Prime; rt_padding_bottom=\u00a0\u00bb60&Prime; rt_bg_shape_color=\u00a0\u00bb#f7f7f7&Prime;][vc_column width=\u00a0\u00bb1\/2&Prime; rt_col_paddings=\u00a0\u00bbtrue\u00a0\u00bb rt_wrp_col_paddings=\u00a0\u00bbfalse\u00a0\u00bb rt_column_shadow=\u00a0\u00bb\u00a0\u00bb rt_border_top=\u00a0\u00bb\u00a0\u00bb rt_border_bottom=\u00a0\u00bb\u00a0\u00bb rt_border_left=\u00a0\u00bb\u00a0\u00bb rt_border_right=\u00a0\u00bb\u00a0\u00bb rt_border_top_mobile=\u00a0\u00bb\u00a0\u00bb rt_border_bottom_mobile=\u00a0\u00bb\u00a0\u00bb rt_border_left_mobile=\u00a0\u00bb\u00a0\u00bb rt_border_right_mobile=\u00a0\u00bb\u00a0\u00bb rt_bg_image_repeat=\u00a0\u00bbrepeat\u00a0\u00bb rt_bg_size=\u00a0\u00bbauto auto\u00a0\u00bb rt_bg_position=\u00a0\u00bbright top\u00a0\u00bb rt_bg_attachment=\u00a0\u00bbscroll\u00a0\u00bb rt_bg_color=\u00a0\u00bb\u00a0\u00bb rt_bg_overlay_color=\u00a0\u00bb\u00a0\u00bb]<div class=\"rt_heading_wrapper no-style\">\n\t\t\t\t\t\t<h1 class=\"rt_heading  no-style\"  style=\"margin-bottom:0px;\">LES AVANTAGES<\/h1> \n\t\t\t\t\t<\/div><div class=\"rt_heading_wrapper no-style\">\n\t\t\t\t\t\t<h1 class=\"rt_heading  no-style\"  style=\"margin-top:0px;\">SELENE<\/h1> \n\t\t\t\t\t<\/div>[\/vc_column][vc_column width=\u00a0\u00bb1\/2&Prime; rt_color_set=\u00a0\u00bbdefault-style\u00a0\u00bb rt_col_paddings=\u00a0\u00bbtrue\u00a0\u00bb rt_wrp_col_paddings=\u00a0\u00bbfalse\u00a0\u00bb rt_column_shadow=\u00a0\u00bbtrue\u00a0\u00bb rt_border_top=\u00a0\u00bbtrue\u00a0\u00bb rt_border_bottom=\u00a0\u00bbtrue\u00a0\u00bb rt_border_left=\u00a0\u00bbtrue\u00a0\u00bb rt_border_right=\u00a0\u00bbtrue\u00a0\u00bb rt_border_top_mobile=\u00a0\u00bb\u00a0\u00bb rt_border_bottom_mobile=\u00a0\u00bb\u00a0\u00bb rt_border_left_mobile=\u00a0\u00bb\u00a0\u00bb rt_border_right_mobile=\u00a0\u00bb\u00a0\u00bb rt_bg_image_repeat=\u00a0\u00bbrepeat\u00a0\u00bb rt_bg_size=\u00a0\u00bbauto auto\u00a0\u00bb rt_bg_position=\u00a0\u00bbright top\u00a0\u00bb rt_bg_attachment=\u00a0\u00bbscroll\u00a0\u00bb rt_bg_color=\u00a0\u00bb\u00a0\u00bb rt_bg_overlay_color=\u00a0\u00bb\u00a0\u00bb rt_padding_top=\u00a0\u00bb40&Prime; rt_padding_bottom=\u00a0\u00bb5&Prime; rt_padding_left=\u00a0\u00bb40&Prime; rt_padding_right=\u00a0\u00bb40&Prime;][vc_column_text]<\/p>\n<p style=\"text-align: center;\">Les bateaux Selene ne sont pas des bateaux de s\u00e9rie, mais des yachts semi-customis\u00e9s, construits \u00e0 la main et des navires solides, mais propos\u00e9s au prix de bateaux de s\u00e9rie.<\/p>\n<p>[\/vc_column_text][\/vc_column][\/vc_row][vc_row rt_row_background_width=\u00a0\u00bbfullwidth\u00a0\u00bb rt_row_content_width=\u00a0\u00bbdefault\u00a0\u00bb rt_row_style=\u00a0\u00bbdefault-style\u00a0\u00bb rt_row_height=\u00a0\u00bb\u00a0\u00bb rt_row_borders=\u00a0\u00bb\u00a0\u00bb rt_row_shadows=\u00a0\u00bb\u00a0\u00bb rt_column_gaps=\u00a0\u00bb\u00a0\u00bb rt_row_paddings=\u00a0\u00bbtrue\u00a0\u00bb rt_bg_effect=\u00a0\u00bbclassic\u00a0\u00bb rt_transparent_bg=\u00a0\u00bb\u00a0\u00bb rt_bg_image_repeat=\u00a0\u00bbrepeat\u00a0\u00bb rt_bg_size=\u00a0\u00bbcover\u00a0\u00bb rt_bg_position=\u00a0\u00bbright top\u00a0\u00bb rt_bg_attachment=\u00a0\u00bbscroll\u00a0\u00bb rt_bg_video_format=\u00a0\u00bbself-hosted\u00a0\u00bb][vc_column rt_col_paddings=\u00a0\u00bbtrue\u00a0\u00bb rt_wrp_col_paddings=\u00a0\u00bbfalse\u00a0\u00bb rt_column_shadow=\u00a0\u00bb\u00a0\u00bb rt_border_top=\u00a0\u00bb\u00a0\u00bb rt_border_bottom=\u00a0\u00bb\u00a0\u00bb rt_border_left=\u00a0\u00bb\u00a0\u00bb rt_border_right=\u00a0\u00bb\u00a0\u00bb rt_border_top_mobile=\u00a0\u00bb\u00a0\u00bb rt_border_bottom_mobile=\u00a0\u00bb\u00a0\u00bb rt_border_left_mobile=\u00a0\u00bb\u00a0\u00bb rt_border_right_mobile=\u00a0\u00bb\u00a0\u00bb rt_bg_image_repeat=\u00a0\u00bbrepeat\u00a0\u00bb rt_bg_size=\u00a0\u00bbauto auto\u00a0\u00bb rt_bg_position=\u00a0\u00bbright top\u00a0\u00bb rt_bg_attachment=\u00a0\u00bbscroll\u00a0\u00bb]<div class=\"rt_heading_wrapper style-5\">\n\t\t\t\t\t\t<h1 class=\"rt_heading  style-5\" >EXPERIENCE<\/h1> \n\t\t\t\t\t<\/div>[vc_column_text]<\/p>\n<p class=\"p1\">There is a big difference between a recreational \u201ctrawler\u201d and a true ocean going passagemaker like a Selene. The ability to power with confidence across any sea or ocean in safety and comfort is chief among reasons experienced boaters go to Selene, whether their adventures are coastal, global or somewhere in between.<\/p>\n<p class=\"p1\">The differences include stronger hulls, watertight bulkheads and doors, full skeg protected propeller and rudder, backup bilge pumps, large scuppers, continuous duty engines, and automatic engine room fire extinguisher systems.<\/p>\n<p class=\"p1\"><img loading=\"lazy\" decoding=\"async\" class=\"alignnone wp-image-3513\" src=\"https:\/\/www.seleneoceanyachts.com\/wp-content\/uploads\/2017\/11\/MG_6612-300x200.jpg\" alt=\"\" width=\"557\" height=\"371\" srcset=\"https:\/\/www.seleneoceanyachts.com\/wp-content\/uploads\/2017\/11\/MG_6612-300x200.jpg 300w, https:\/\/www.seleneoceanyachts.com\/wp-content\/uploads\/2017\/11\/MG_6612-600x400.jpg 600w, https:\/\/www.seleneoceanyachts.com\/wp-content\/uploads\/2017\/11\/MG_6612-768x512.jpg 768w, https:\/\/www.seleneoceanyachts.com\/wp-content\/uploads\/2017\/11\/MG_6612-1024x682.jpg 1024w, https:\/\/www.seleneoceanyachts.com\/wp-content\/uploads\/2017\/11\/MG_6612.jpg 1541w\" sizes=\"auto, (max-width: 557px) 100vw, 557px\" \/><\/p>\n<p class=\"p1\">We design and build our yachts, in our factory from the first drum of resin and roll of cloth to the upholstery of the salon! We don\u2019t subcontract the work to a third-party \u201cpartner shipyard\u201d like many other brands. We have built over 400 yachts to date.<\/p>\n<p class=\"p1\">Howard Chen continues to remain intimately involved with every project and likes nothing better than coming up with new ideas to refresh his designs. If you decide to buy a new Selene yacht you can be sure that it will come with very personal attention from Howard and his staff.<\/p>\n<p>[\/vc_column_text]<div class=\"rt_heading_wrapper style-5\">\n\t\t\t\t\t\t<h1 class=\"rt_heading  style-5\" >FIRST CLASS SYSTEMS<\/h1> \n\t\t\t\t\t<\/div>[vc_column_text]<\/p>\n<p class=\"p1\">Knowing that a Selene Yacht owner often has to be both the captain and engineer of the vessel, we have invested a lot of time in the design of our engine rooms, which are regarded in the industry as best in their class with good access, plenty of room to work around the systems, with ease of maintenance and service in mind.<\/p>\n<p class=\"p1\">We install only first class electrical brands for batteries, generators, inverters, chargers, light fixtures, etc. Our engineering team is always ready to assist our owners in the sizing of their yacht\u2019s electrical system with the desired level of redundancy depending on how the yacht is going to be used.<\/p>\n<p><img loading=\"lazy\" decoding=\"async\" class=\"alignnone wp-image-5209\" src=\"https:\/\/www.seleneoceanyachts.com\/wp-content\/uploads\/2018\/01\/S50E-Engine-room-02-300x202.jpg\" alt=\"\" width=\"563\" height=\"379\" srcset=\"https:\/\/www.seleneoceanyachts.com\/wp-content\/uploads\/2018\/01\/S50E-Engine-room-02-300x202.jpg 300w, https:\/\/www.seleneoceanyachts.com\/wp-content\/uploads\/2018\/01\/S50E-Engine-room-02-600x404.jpg 600w, https:\/\/www.seleneoceanyachts.com\/wp-content\/uploads\/2018\/01\/S50E-Engine-room-02-768x517.jpg 768w, https:\/\/www.seleneoceanyachts.com\/wp-content\/uploads\/2018\/01\/S50E-Engine-room-02-1024x689.jpg 1024w, https:\/\/www.seleneoceanyachts.com\/wp-content\/uploads\/2018\/01\/S50E-Engine-room-02.jpg 2000w\" sizes=\"auto, (max-width: 563px) 100vw, 563px\" \/><\/p>\n<p class=\"p1\">The design incorporates the fuel efficiency of a full-displacement hull. A full-displacement hull is designed to remain fully in the water throughout its entire range of speed. This requires a fraction of the horsepower that semi-displacement or planing hull requires to attain optimum speed. A full-displacement hull will be capable of maintaining speeds in the 7- to l2-knot range while burning a minimum of fuel.<\/p>\n<p>[\/vc_column_text]<div class=\"rt_heading_wrapper style-5\">\n\t\t\t\t\t\t<h1 class=\"rt_heading  style-5\" >SAFETY AND COMFORT<\/h1> \n\t\t\t\t\t<\/div>[vc_column_text]<\/p>\n<p class=\"p1\">\u25ca A Portuguese bridge and high bulwarks for the safety of everyone on board.<\/p>\n<p class=\"p1\">\u25ca Forward raked windows in the pilothouse make for better visibility in sun or rain and provide greater head room at the helm, not to mention a commanding view.<\/p>\n<p class=\"p1\">\u25ca Beautiful cabinetry with teak or cherry wood.<\/p>\n<p class=\"p1\">\u25ca Large storage spaces for spare parts and provisioning.<\/p>\n<p class=\"p1\">\u25ca Escape hatches in critical locations.<\/p>\n<p class=\"p1\">\u25ca Solid hull lamination under the waterline, no foam, no core.<\/p>\n<p class=\"p1\">\u25ca Covered aft deck, cockpit and side decks.<\/p>\n<p class=\"p1\">\u25ca Optional hardtop on the flybridge.<\/p>\n<p class=\"p1\">\u25ca High quality stainless-steel equipment, installed on our yachts, is fabricated in our workshops with premium polished 316 steel.<\/p>\n<p>[\/vc_column_text]<div class=\"rt_heading_wrapper style-5\">\n\t\t\t\t\t\t<h1 class=\"rt_heading  style-5\" >THE SELENE COMMUNITY<\/h1> \n\t\t\t\t\t<\/div>[vc_column_text]<\/p>\n<p class=\"p1\">The Selene Community and the owners website are a wonderful source of information and advice. One owner said this, \u201cGetting to know other Selene owners has been an unexpected delight! The Selene owners are a very special group of people.\u201d<\/p>\n<p class=\"p1\"><img loading=\"lazy\" decoding=\"async\" class=\"alignnone wp-image-6041\" src=\"https:\/\/www.seleneoceanyachts.com\/wp-content\/uploads\/2018\/03\/NF9490-300x169.jpg\" alt=\"\" width=\"570\" height=\"321\" srcset=\"https:\/\/www.seleneoceanyachts.com\/wp-content\/uploads\/2018\/03\/NF9490-300x169.jpg 300w, https:\/\/www.seleneoceanyachts.com\/wp-content\/uploads\/2018\/03\/NF9490-600x338.jpg 600w, https:\/\/www.seleneoceanyachts.com\/wp-content\/uploads\/2018\/03\/NF9490-768x432.jpg 768w, https:\/\/www.seleneoceanyachts.com\/wp-content\/uploads\/2018\/03\/NF9490-1024x576.jpg 1024w, https:\/\/www.seleneoceanyachts.com\/wp-content\/uploads\/2018\/03\/NF9490.jpg 1500w\" sizes=\"auto, (max-width: 570px) 100vw, 570px\" \/><\/p>\n<p class=\"p1\">Our yachts maintain their value because of the quality of construction and materials used. Twenty years after launching, the interior of a Selene Yacht will look as good as new.<\/p>\n<p>[\/vc_column_text][\/vc_column][\/vc_row]<\/p>\n<\/div>","protected":false},"excerpt":{"rendered":"<p>[vc_row rt_row_background_width=\u00a0\u00bbfullwidth\u00a0\u00bb rt_row_content_width=\u00a0\u00bbdefault\u00a0\u00bb rt_row_style=\u00a0\u00bbdefault-style\u00a0\u00bb rt_row_height=\u00a0\u00bb\u00a0\u00bb rt_column_placement=\u00a0\u00bbmiddle\u00a0\u00bb rt_row_borders=\u00a0\u00bb\u00a0\u00bb rt_row_shadows=\u00a0\u00bb\u00a0\u00bb rt_column_gaps=\u00a0\u00bb\u00a0\u00bb rt_row_paddings=\u00a0\u00bbtrue\u00a0\u00bb rt_bg_effect=\u00a0\u00bbshape\u00a0\u00bb rt_bg_shape=\u00a0\u00bbcross-right\u00a0\u00bb rt_bg_custom_alignment=\u00a0\u00bbtop\u00a0\u00bb rt_transparent_bg=\u00a0\u00bb\u00a0\u00bb rt_bg_image_repeat=\u00a0\u00bbrepeat\u00a0\u00bb rt_bg_size=\u00a0\u00bbcover\u00a0\u00bb rt_bg_position=\u00a0\u00bbright top\u00a0\u00bb rt_bg_video_format=\u00a0\u00bbself-hosted\u00a0\u00bb rt_padding_top=\u00a0\u00bb100&Prime; rt_padding_bottom=\u00a0\u00bb60&Prime; rt_bg_shape_color=\u00a0\u00bb#f7f7f7&Prime;][vc_column width=\u00a0\u00bb1\/2&Prime; rt_col_paddings=\u00a0\u00bbtrue\u00a0\u00bb rt_wrp_col_paddings=\u00a0\u00bbfalse\u00a0\u00bb rt_column_shadow=\u00a0\u00bb\u00a0\u00bb rt_border_top=\u00a0\u00bb\u00a0\u00bb rt_border_bottom=\u00a0\u00bb\u00a0\u00bb rt_border_left=\u00a0\u00bb\u00a0\u00bb rt_border_right=\u00a0\u00bb\u00a0\u00bb rt_border_top_mobile=\u00a0\u00bb\u00a0\u00bb rt_border_bottom_mobile=\u00a0\u00bb\u00a0\u00bb rt_border_left_mobile=\u00a0\u00bb\u00a0\u00bb rt_border_right_mobile=\u00a0\u00bb\u00a0\u00bb rt_bg_image_repeat=\u00a0\u00bbrepeat\u00a0\u00bb rt_bg_size=\u00a0\u00bbauto auto\u00a0\u00bb rt_bg_position=\u00a0\u00bbright top\u00a0\u00bb rt_bg_attachment=\u00a0\u00bbscroll\u00a0\u00bb rt_bg_color=\u00a0\u00bb\u00a0\u00bb rt_bg_overlay_color=\u00a0\u00bb\u00a0\u00bb][\/vc_column][vc_column width=\u00a0\u00bb1\/2&Prime; rt_color_set=\u00a0\u00bbdefault-style\u00a0\u00bb rt_col_paddings=\u00a0\u00bbtrue\u00a0\u00bb rt_wrp_col_paddings=\u00a0\u00bbfalse\u00a0\u00bb rt_column_shadow=\u00a0\u00bbtrue\u00a0\u00bb rt_border_top=\u00a0\u00bbtrue\u00a0\u00bb rt_border_bottom=\u00a0\u00bbtrue\u00a0\u00bb rt_border_left=\u00a0\u00bbtrue\u00a0\u00bb rt_border_right=\u00a0\u00bbtrue\u00a0\u00bb rt_border_top_mobile=\u00a0\u00bb\u00a0\u00bb rt_border_bottom_mobile=\u00a0\u00bb\u00a0\u00bb rt_border_left_mobile=\u00a0\u00bb\u00a0\u00bb rt_border_right_mobile=\u00a0\u00bb\u00a0\u00bb &#8230; <a class=\"more-link\" href=\"https:\/\/www.seleneoceanyachts.com\/fr\/les-avantages-selene\/\">Continue reading<\/a><\/p>\n","protected":false},"author":1,"featured_media":0,"parent":0,"menu_order":0,"comment_status":"closed","ping_status":"closed","template":"","meta":{"_monsterinsights_skip_tracking":false,"_monsterinsights_sitenote_active":false,"_monsterinsights_sitenote_note":"","_monsterinsights_sitenote_category":0,"_uf_show_specific_survey":0,"_uf_disable_surveys":false,"footnotes":""},"categories":[],"tags":[],"class_list":["post-6682","page","type-page","status-publish","hentry"],"yoast_head":"<!-- This site is optimized with the Yoast SEO plugin v27.4 - https:\/\/yoast.com\/product\/yoast-seo-wordpress\/ -->\n<title>Les Avantages Selene - Selene Ocean Yachts<\/title>\n<meta name=\"robots\" content=\"index, follow, max-snippet:-1, max-image-preview:large, max-video-preview:-1\" \/>\n<link rel=\"canonical\" href=\"https:\/\/www.seleneoceanyachts.com\/fr\/les-avantages-selene\/\" \/>\n<meta property=\"og:locale\" content=\"fr_FR\" \/>\n<meta property=\"og:type\" content=\"article\" \/>\n<meta property=\"og:title\" content=\"Les Avantages Selene - Selene Ocean Yachts\" \/>\n<meta property=\"og:description\" content=\"[vc_row rt_row_background_width=\u00a0\u00bbfullwidth\u00a0\u00bb rt_row_content_width=\u00a0\u00bbdefault\u00a0\u00bb rt_row_style=\u00a0\u00bbdefault-style\u00a0\u00bb rt_row_height=\u00a0\u00bb\u00a0\u00bb rt_column_placement=\u00a0\u00bbmiddle\u00a0\u00bb rt_row_borders=\u00a0\u00bb\u00a0\u00bb rt_row_shadows=\u00a0\u00bb\u00a0\u00bb rt_column_gaps=\u00a0\u00bb\u00a0\u00bb rt_row_paddings=\u00a0\u00bbtrue\u00a0\u00bb rt_bg_effect=\u00a0\u00bbshape\u00a0\u00bb rt_bg_shape=\u00a0\u00bbcross-right\u00a0\u00bb rt_bg_custom_alignment=\u00a0\u00bbtop\u00a0\u00bb rt_transparent_bg=\u00a0\u00bb\u00a0\u00bb rt_bg_image_repeat=\u00a0\u00bbrepeat\u00a0\u00bb rt_bg_size=\u00a0\u00bbcover\u00a0\u00bb rt_bg_position=\u00a0\u00bbright top\u00a0\u00bb rt_bg_video_format=\u00a0\u00bbself-hosted\u00a0\u00bb rt_padding_top=\u00a0\u00bb100&Prime; rt_padding_bottom=\u00a0\u00bb60&Prime; rt_bg_shape_color=\u00a0\u00bb#f7f7f7&Prime;][vc_column width=\u00a0\u00bb1\/2&Prime; rt_col_paddings=\u00a0\u00bbtrue\u00a0\u00bb rt_wrp_col_paddings=\u00a0\u00bbfalse\u00a0\u00bb rt_column_shadow=\u00a0\u00bb\u00a0\u00bb rt_border_top=\u00a0\u00bb\u00a0\u00bb rt_border_bottom=\u00a0\u00bb\u00a0\u00bb rt_border_left=\u00a0\u00bb\u00a0\u00bb rt_border_right=\u00a0\u00bb\u00a0\u00bb rt_border_top_mobile=\u00a0\u00bb\u00a0\u00bb rt_border_bottom_mobile=\u00a0\u00bb\u00a0\u00bb rt_border_left_mobile=\u00a0\u00bb\u00a0\u00bb rt_border_right_mobile=\u00a0\u00bb\u00a0\u00bb rt_bg_image_repeat=\u00a0\u00bbrepeat\u00a0\u00bb rt_bg_size=\u00a0\u00bbauto auto\u00a0\u00bb rt_bg_position=\u00a0\u00bbright top\u00a0\u00bb rt_bg_attachment=\u00a0\u00bbscroll\u00a0\u00bb rt_bg_color=\u00a0\u00bb\u00a0\u00bb rt_bg_overlay_color=\u00a0\u00bb\u00a0\u00bb][\/vc_column][vc_column width=\u00a0\u00bb1\/2&Prime; rt_color_set=\u00a0\u00bbdefault-style\u00a0\u00bb rt_col_paddings=\u00a0\u00bbtrue\u00a0\u00bb rt_wrp_col_paddings=\u00a0\u00bbfalse\u00a0\u00bb rt_column_shadow=\u00a0\u00bbtrue\u00a0\u00bb rt_border_top=\u00a0\u00bbtrue\u00a0\u00bb rt_border_bottom=\u00a0\u00bbtrue\u00a0\u00bb rt_border_left=\u00a0\u00bbtrue\u00a0\u00bb rt_border_right=\u00a0\u00bbtrue\u00a0\u00bb rt_border_top_mobile=\u00a0\u00bb\u00a0\u00bb rt_border_bottom_mobile=\u00a0\u00bb\u00a0\u00bb rt_border_left_mobile=\u00a0\u00bb\u00a0\u00bb rt_border_right_mobile=\u00a0\u00bb\u00a0\u00bb [&hellip;]\" \/>\n<meta property=\"og:url\" content=\"https:\/\/www.seleneoceanyachts.com\/fr\/les-avantages-selene\/\" \/>\n<meta property=\"og:site_name\" content=\"Selene Ocean Yachts\" \/>\n<meta property=\"article:modified_time\" content=\"2018-07-04T02:58:49+00:00\" \/>\n<meta property=\"og:image\" content=\"https:\/\/www.seleneoceanyachts.com\/wp-content\/uploads\/2017\/11\/MG_6612-300x200.jpg\" \/>\n<meta name=\"twitter:card\" content=\"summary_large_image\" \/>\n<meta name=\"twitter:label1\" content=\"Dur\u00e9e de lecture estim\u00e9e\" \/>\n\t<meta name=\"twitter:data1\" content=\"5 minutes\" \/>\n<script type=\"application\/ld+json\" class=\"yoast-schema-graph\">{\"@context\":\"https:\\\/\\\/schema.org\",\"@graph\":[{\"@type\":\"WebPage\",\"@id\":\"https:\\\/\\\/www.seleneoceanyachts.com\\\/fr\\\/les-avantages-selene\\\/\",\"url\":\"https:\\\/\\\/www.seleneoceanyachts.com\\\/fr\\\/les-avantages-selene\\\/\",\"name\":\"Les Avantages Selene - Selene Ocean Yachts\",\"isPartOf\":{\"@id\":\"https:\\\/\\\/www.seleneoceanyachts.com\\\/#website\"},\"primaryImageOfPage\":{\"@id\":\"https:\\\/\\\/www.seleneoceanyachts.com\\\/fr\\\/les-avantages-selene\\\/#primaryimage\"},\"image\":{\"@id\":\"https:\\\/\\\/www.seleneoceanyachts.com\\\/fr\\\/les-avantages-selene\\\/#primaryimage\"},\"thumbnailUrl\":\"https:\\\/\\\/www.seleneoceanyachts.com\\\/wp-content\\\/uploads\\\/2017\\\/11\\\/MG_6612-300x200.jpg\",\"datePublished\":\"2018-06-26T03:23:31+00:00\",\"dateModified\":\"2018-07-04T02:58:49+00:00\",\"breadcrumb\":{\"@id\":\"https:\\\/\\\/www.seleneoceanyachts.com\\\/fr\\\/les-avantages-selene\\\/#breadcrumb\"},\"inLanguage\":\"fr-FR\",\"potentialAction\":[{\"@type\":\"ReadAction\",\"target\":[\"https:\\\/\\\/www.seleneoceanyachts.com\\\/fr\\\/les-avantages-selene\\\/\"]}]},{\"@type\":\"ImageObject\",\"inLanguage\":\"fr-FR\",\"@id\":\"https:\\\/\\\/www.seleneoceanyachts.com\\\/fr\\\/les-avantages-selene\\\/#primaryimage\",\"url\":\"https:\\\/\\\/www.seleneoceanyachts.com\\\/wp-content\\\/uploads\\\/2017\\\/11\\\/MG_6612-300x200.jpg\",\"contentUrl\":\"https:\\\/\\\/www.seleneoceanyachts.com\\\/wp-content\\\/uploads\\\/2017\\\/11\\\/MG_6612-300x200.jpg\"},{\"@type\":\"BreadcrumbList\",\"@id\":\"https:\\\/\\\/www.seleneoceanyachts.com\\\/fr\\\/les-avantages-selene\\\/#breadcrumb\",\"itemListElement\":[{\"@type\":\"ListItem\",\"position\":1,\"name\":\"Home\",\"item\":\"https:\\\/\\\/www.seleneoceanyachts.com\\\/fr\\\/\"},{\"@type\":\"ListItem\",\"position\":2,\"name\":\"Les Avantages Selene\"}]},{\"@type\":\"WebSite\",\"@id\":\"https:\\\/\\\/www.seleneoceanyachts.com\\\/#website\",\"url\":\"https:\\\/\\\/www.seleneoceanyachts.com\\\/\",\"name\":\"Selene Ocean Yachts\",\"description\":\"Au del\u00e0 de l\u2019horizon\",\"potentialAction\":[{\"@type\":\"SearchAction\",\"target\":{\"@type\":\"EntryPoint\",\"urlTemplate\":\"https:\\\/\\\/www.seleneoceanyachts.com\\\/?s={search_term_string}\"},\"query-input\":{\"@type\":\"PropertyValueSpecification\",\"valueRequired\":true,\"valueName\":\"search_term_string\"}}],\"inLanguage\":\"fr-FR\"}]}<\/script>\n<!-- \/ Yoast SEO plugin. -->","yoast_head_json":{"title":"Les Avantages Selene - Selene Ocean Yachts","robots":{"index":"index","follow":"follow","max-snippet":"max-snippet:-1","max-image-preview":"max-image-preview:large","max-video-preview":"max-video-preview:-1"},"canonical":"https:\/\/www.seleneoceanyachts.com\/fr\/les-avantages-selene\/","og_locale":"fr_FR","og_type":"article","og_title":"Les Avantages Selene - Selene Ocean Yachts","og_description":"[vc_row rt_row_background_width=\u00a0\u00bbfullwidth\u00a0\u00bb rt_row_content_width=\u00a0\u00bbdefault\u00a0\u00bb rt_row_style=\u00a0\u00bbdefault-style\u00a0\u00bb rt_row_height=\u00a0\u00bb\u00a0\u00bb rt_column_placement=\u00a0\u00bbmiddle\u00a0\u00bb rt_row_borders=\u00a0\u00bb\u00a0\u00bb rt_row_shadows=\u00a0\u00bb\u00a0\u00bb rt_column_gaps=\u00a0\u00bb\u00a0\u00bb rt_row_paddings=\u00a0\u00bbtrue\u00a0\u00bb rt_bg_effect=\u00a0\u00bbshape\u00a0\u00bb rt_bg_shape=\u00a0\u00bbcross-right\u00a0\u00bb rt_bg_custom_alignment=\u00a0\u00bbtop\u00a0\u00bb rt_transparent_bg=\u00a0\u00bb\u00a0\u00bb rt_bg_image_repeat=\u00a0\u00bbrepeat\u00a0\u00bb rt_bg_size=\u00a0\u00bbcover\u00a0\u00bb rt_bg_position=\u00a0\u00bbright top\u00a0\u00bb rt_bg_video_format=\u00a0\u00bbself-hosted\u00a0\u00bb rt_padding_top=\u00a0\u00bb100&Prime; rt_padding_bottom=\u00a0\u00bb60&Prime; rt_bg_shape_color=\u00a0\u00bb#f7f7f7&Prime;][vc_column width=\u00a0\u00bb1\/2&Prime; rt_col_paddings=\u00a0\u00bbtrue\u00a0\u00bb rt_wrp_col_paddings=\u00a0\u00bbfalse\u00a0\u00bb rt_column_shadow=\u00a0\u00bb\u00a0\u00bb rt_border_top=\u00a0\u00bb\u00a0\u00bb rt_border_bottom=\u00a0\u00bb\u00a0\u00bb rt_border_left=\u00a0\u00bb\u00a0\u00bb rt_border_right=\u00a0\u00bb\u00a0\u00bb rt_border_top_mobile=\u00a0\u00bb\u00a0\u00bb rt_border_bottom_mobile=\u00a0\u00bb\u00a0\u00bb rt_border_left_mobile=\u00a0\u00bb\u00a0\u00bb rt_border_right_mobile=\u00a0\u00bb\u00a0\u00bb rt_bg_image_repeat=\u00a0\u00bbrepeat\u00a0\u00bb rt_bg_size=\u00a0\u00bbauto auto\u00a0\u00bb rt_bg_position=\u00a0\u00bbright top\u00a0\u00bb rt_bg_attachment=\u00a0\u00bbscroll\u00a0\u00bb rt_bg_color=\u00a0\u00bb\u00a0\u00bb rt_bg_overlay_color=\u00a0\u00bb\u00a0\u00bb][\/vc_column][vc_column width=\u00a0\u00bb1\/2&Prime; rt_color_set=\u00a0\u00bbdefault-style\u00a0\u00bb rt_col_paddings=\u00a0\u00bbtrue\u00a0\u00bb rt_wrp_col_paddings=\u00a0\u00bbfalse\u00a0\u00bb rt_column_shadow=\u00a0\u00bbtrue\u00a0\u00bb rt_border_top=\u00a0\u00bbtrue\u00a0\u00bb rt_border_bottom=\u00a0\u00bbtrue\u00a0\u00bb rt_border_left=\u00a0\u00bbtrue\u00a0\u00bb rt_border_right=\u00a0\u00bbtrue\u00a0\u00bb rt_border_top_mobile=\u00a0\u00bb\u00a0\u00bb rt_border_bottom_mobile=\u00a0\u00bb\u00a0\u00bb rt_border_left_mobile=\u00a0\u00bb\u00a0\u00bb rt_border_right_mobile=\u00a0\u00bb\u00a0\u00bb [&hellip;]","og_url":"https:\/\/www.seleneoceanyachts.com\/fr\/les-avantages-selene\/","og_site_name":"Selene Ocean Yachts","article_modified_time":"2018-07-04T02:58:49+00:00","og_image":[{"url":"https:\/\/www.seleneoceanyachts.com\/wp-content\/uploads\/2017\/11\/MG_6612-300x200.jpg","type":"","width":"","height":""}],"twitter_card":"summary_large_image","twitter_misc":{"Dur\u00e9e de lecture estim\u00e9e":"5 minutes"},"schema":{"@context":"https:\/\/schema.org","@graph":[{"@type":"WebPage","@id":"https:\/\/www.seleneoceanyachts.com\/fr\/les-avantages-selene\/","url":"https:\/\/www.seleneoceanyachts.com\/fr\/les-avantages-selene\/","name":"Les Avantages Selene - Selene Ocean Yachts","isPartOf":{"@id":"https:\/\/www.seleneoceanyachts.com\/#website"},"primaryImageOfPage":{"@id":"https:\/\/www.seleneoceanyachts.com\/fr\/les-avantages-selene\/#primaryimage"},"image":{"@id":"https:\/\/www.seleneoceanyachts.com\/fr\/les-avantages-selene\/#primaryimage"},"thumbnailUrl":"https:\/\/www.seleneoceanyachts.com\/wp-content\/uploads\/2017\/11\/MG_6612-300x200.jpg","datePublished":"2018-06-26T03:23:31+00:00","dateModified":"2018-07-04T02:58:49+00:00","breadcrumb":{"@id":"https:\/\/www.seleneoceanyachts.com\/fr\/les-avantages-selene\/#breadcrumb"},"inLanguage":"fr-FR","potentialAction":[{"@type":"ReadAction","target":["https:\/\/www.seleneoceanyachts.com\/fr\/les-avantages-selene\/"]}]},{"@type":"ImageObject","inLanguage":"fr-FR","@id":"https:\/\/www.seleneoceanyachts.com\/fr\/les-avantages-selene\/#primaryimage","url":"https:\/\/www.seleneoceanyachts.com\/wp-content\/uploads\/2017\/11\/MG_6612-300x200.jpg","contentUrl":"https:\/\/www.seleneoceanyachts.com\/wp-content\/uploads\/2017\/11\/MG_6612-300x200.jpg"},{"@type":"BreadcrumbList","@id":"https:\/\/www.seleneoceanyachts.com\/fr\/les-avantages-selene\/#breadcrumb","itemListElement":[{"@type":"ListItem","position":1,"name":"Home","item":"https:\/\/www.seleneoceanyachts.com\/fr\/"},{"@type":"ListItem","position":2,"name":"Les Avantages Selene"}]},{"@type":"WebSite","@id":"https:\/\/www.seleneoceanyachts.com\/#website","url":"https:\/\/www.seleneoceanyachts.com\/","name":"Selene Ocean Yachts","description":"Au del\u00e0 de l\u2019horizon","potentialAction":[{"@type":"SearchAction","target":{"@type":"EntryPoint","urlTemplate":"https:\/\/www.seleneoceanyachts.com\/?s={search_term_string}"},"query-input":{"@type":"PropertyValueSpecification","valueRequired":true,"valueName":"search_term_string"}}],"inLanguage":"fr-FR"}]}},"_links":{"self":[{"href":"https:\/\/www.seleneoceanyachts.com\/fr\/wp-json\/wp\/v2\/pages\/6682","targetHints":{"allow":["GET"]}}],"collection":[{"href":"https:\/\/www.seleneoceanyachts.com\/fr\/wp-json\/wp\/v2\/pages"}],"about":[{"href":"https:\/\/www.seleneoceanyachts.com\/fr\/wp-json\/wp\/v2\/types\/page"}],"author":[{"embeddable":true,"href":"https:\/\/www.seleneoceanyachts.com\/fr\/wp-json\/wp\/v2\/users\/1"}],"replies":[{"embeddable":true,"href":"https:\/\/www.seleneoceanyachts.com\/fr\/wp-json\/wp\/v2\/comments?post=6682"}],"version-history":[{"count":3,"href":"https:\/\/www.seleneoceanyachts.com\/fr\/wp-json\/wp\/v2\/pages\/6682\/revisions"}],"predecessor-version":[{"id":7548,"href":"https:\/\/www.seleneoceanyachts.com\/fr\/wp-json\/wp\/v2\/pages\/6682\/revisions\/7548"}],"wp:attachment":[{"href":"https:\/\/www.seleneoceanyachts.com\/fr\/wp-json\/wp\/v2\/media?parent=6682"}],"wp:term":[{"taxonomy":"category","embeddable":true,"href":"https:\/\/www.seleneoceanyachts.com\/fr\/wp-json\/wp\/v2\/categories?post=6682"},{"taxonomy":"post_tag","embeddable":true,"href":"https:\/\/www.seleneoceanyachts.com\/fr\/wp-json\/wp\/v2\/tags?post=6682"}],"curies":[{"name":"wp","href":"https:\/\/api.w.org\/{rel}","templated":true}]}}